{"id":4693,"date":"2025-11-13T17:06:04","date_gmt":"2025-11-13T17:06:04","guid":{"rendered":"https:\/\/escoladigital.madeira.gov.pt\/ebsscruz\/?page_id=4693"},"modified":"2025-11-14T12:01:24","modified_gmt":"2025-11-14T12:01:24","slug":"cai-new","status":"publish","type":"page","link":"https:\/\/escoladigital.madeira.gov.pt\/ebsscruz\/cai-new\/","title":{"rendered":"\ud83d\udccaComiss\u00e3o de Avalia\u00e7\u00e3o Interna"},"content":{"rendered":"\n<h1 style=\"text-align: center;padding: 20px 0;background-color:#e0fade;border-bottom: 3px solid #207cca\">\n        \ud83d\udcca Comiss\u00e3o de Avalia\u00e7\u00e3o Interna (CAI)\n    <\/h1>\n    <p style=\"text-align: center;font-size: 1.1em;margin-bottom: 20px\">\n       Escola B\u00e1sica e Secund\u00e1ria de Santa Cruz\n    <\/p>\n\n<!-- Apresenta\u00e7\u00e3o -->\n<div style=\"margin-bottom: 40px\">\n<h2 style=\"color: #667eea;font-size: 2em;border-bottom: 3px solid #667eea;padding-bottom: 10px;margin-bottom: 20px\">\ud83d\udccb Apresenta\u00e7\u00e3o<\/h2>\n<p style=\"font-size: 1.05em;text-align: justify;margin-bottom: 15px\">A Comiss\u00e3o de Avalia\u00e7\u00e3o Interna (CAI) de uma escola desempenha um papel fundamental na garantia e promo\u00e7\u00e3o da qualidade educativa. Os seus principais objetivos assentam em:<\/p>\n<\/div>\n\n<!-- Objetivos em Cards -->\n<div style=\"margin-bottom: 40px\">\n<h2 style=\"color: #667eea;font-size: 2em;border-bottom: 3px solid #667eea;padding-bottom: 10px;margin-bottom: 25px\">\ud83c\udfaf Objetivos<\/h2>\n\n<div style=\"display: grid;grid-template-columns: repeat(auto-fit, minmax(280px, 1fr));gap: 20px;margin-bottom: 20px\">\n\n<div style=\"background: linear-gradient(135deg, #667eea 0%, #764ba2 100%);color: white;padding: 25px;border-radius: 10px\">\n<div style=\"font-size: 2.5em;margin-bottom: 10px\">\ud83d\udcdc<\/div>\n<h3 style=\"margin: 0 0 10px 0;font-size: 1.3em\">Normas e Diretrizes<\/h3>\n<p style=\"margin: 0;font-size: 0.95em;opacity: 0.95\">Cumprir as normas e diretrizes educativas vigentes<\/p>\n<\/div>\n\n<div style=\"background: linear-gradient(135deg, #f093fb 0%, #f5576c 100%);color: white;padding: 25px;border-radius: 10px\">\n<div style=\"font-size: 2.5em;margin-bottom: 10px\">\ud83d\udcc8<\/div>\n<h3 style=\"margin: 0 0 10px 0;font-size: 1.3em\">Melhoria Cont\u00ednua<\/h3>\n<p style=\"margin: 0;font-size: 0.95em;opacity: 0.95\">Promover a melhoria cont\u00ednua do ensino e da aprendizagem<\/p>\n<\/div>\n\n<div style=\"background: linear-gradient(135deg, #4facfe 0%, #00f2fe 100%);color: white;padding: 25px;border-radius: 10px\">\n<div style=\"font-size: 2.5em;margin-bottom: 10px\">\u2705<\/div>\n<h3 style=\"margin: 0 0 10px 0;font-size: 1.3em\">Transpar\u00eancia e Equidade<\/h3>\n<p style=\"margin: 0;font-size: 0.95em;opacity: 0.95\">Garantir a transpar\u00eancia e a equidade no processo avaliativo<\/p>\n<\/div>\n\n<div style=\"background: linear-gradient(135deg, #43e97b 0%, #38f9d7 100%);color: white;padding: 25px;border-radius: 10px\">\n<div style=\"font-size: 2.5em;margin-bottom: 10px\">\ud83d\udd0d<\/div>\n<h3 style=\"margin: 0 0 10px 0;font-size: 1.3em\">Monitoriza\u00e7\u00e3o<\/h3>\n<p style=\"margin: 0;font-size: 0.95em;opacity: 0.95\">Monitorizar e avaliar os resultados escolares<\/p>\n<\/div>\n\n<div style=\"background: linear-gradient(135deg, #fa709a 0%, #fee140 100%);color: white;padding: 25px;border-radius: 10px\">\n<div style=\"font-size: 2.5em;margin-bottom: 10px\">\ud83d\udc65<\/div>\n<h3 style=\"margin: 0 0 10px 0;font-size: 1.3em\">Participa\u00e7\u00e3o<\/h3>\n<p style=\"margin: 0;font-size: 0.95em;opacity: 0.95\">Fomentar a participa\u00e7\u00e3o de toda a comunidade escolar<\/p>\n<\/div>\n\n<div style=\"background: linear-gradient(135deg, #a8edea 0%, #fed6e3 100%);color: #333;padding: 25px;border-radius: 10px\">\n<div style=\"font-size: 2.5em;margin-bottom: 10px\">\ud83d\udcdd<\/div>\n<h3 style=\"margin: 0 0 10px 0;font-size: 1.3em\">Estrat\u00e9gias de Avalia\u00e7\u00e3o<\/h3>\n<p style=\"margin: 0;font-size: 0.95em\">Elaborar e implementar estrat\u00e9gias de avalia\u00e7\u00e3o desta institui\u00e7\u00e3o escolar<\/p>\n<\/div>\n\n<div style=\"background: linear-gradient(135deg, #ffecd2 0%, #fcb69f 100%);color: #333;padding: 25px;border-radius: 10px\">\n<div style=\"font-size: 2.5em;margin-bottom: 10px\">\ud83d\udca1<\/div>\n<h3 style=\"margin: 0 0 10px 0;font-size: 1.3em\">Sugest\u00f5es de Melhoria<\/h3>\n<p style=\"margin: 0;font-size: 0.95em\">Apresentar sugest\u00f5es de melhoria nos v\u00e1rios aspetos da vida escolar<\/p>\n<\/div>\n\n<\/div>\n<\/div>\n\n<!-- Equipa Respons\u00e1vel -->\n<div style=\"margin-bottom: 40px\">\n<h2 style=\"color: #667eea;font-size: 2em;border-bottom: 3px solid #667eea;padding-bottom: 10px;margin-bottom: 25px\">\ud83d\udc65 Equipa Respons\u00e1vel<\/h2>\n\n<div style=\"background-color: #f8f9fa;padding: 30px;border-radius: 10px\">\n<ul style=\"padding: 0;margin: 0\">\n<li style=\"padding: 12px 0;border-bottom: 1px solid #dee2e6;font-size: 1.1em\">\ud83d\udc69\u200d\ud83c\udfeb Prof.\u00aa <strong>\u00c9lia Freitas<\/strong><\/li>\n<li style=\"padding: 12px 0;border-bottom: 1px solid #dee2e6;font-size: 1.1em\">\ud83d\udc69\u200d\ud83c\udfeb Prof.\u00aa <strong>F\u00e1tima C\u00e2mara<\/strong><\/li>\n<li style=\"padding: 12px 0;border-bottom: 1px solid #dee2e6;font-size: 1.1em\">\ud83d\udc69\u200d\ud83c\udfeb Prof.\u00aa <strong>Lu\u00edsa Senra<\/strong><\/li>\n<li style=\"padding: 12px 0;border-bottom: 1px solid #dee2e6;font-size: 1.1em\">\ud83d\udc69\u200d\ud83c\udfeb Prof.\u00aa <strong>Lurdes Fernandes<\/strong><\/li>\n<li style=\"padding: 12px 0;font-size: 1.1em\">\ud83d\udc69\u200d\ud83c\udfeb Prof.\u00aa <strong>Magna Vasconcelos<\/strong><\/li>\n<\/ul>\n<\/div>\n<\/div>\n\n<!-- Disponibilidade -->\n<div style=\"background-color: #f8f9fa;border-left: 5px solid #667eea;padding: 20px 25px;margin-bottom: 30px;border-radius: 5px\">\n<h3 style=\"margin-top: 0;color: #667eea;font-size: 1.4em\">\u23f0 Disponibilidade<\/h3>\n<p style=\"margin: 0;font-size: 1.1em\"><strong>5.\u00aa feira:<\/strong> 09h55 \u00e0s 12h25<\/p>\n<\/div>\n\n<!-- Contactos -->\n<div style=\"margin-bottom: 40px\">\n<h2 style=\"color: #667eea;font-size: 2em;border-bottom: 3px solid #667eea;padding-bottom: 10px;margin-bottom: 25px\">\ud83d\udcde Contacto<\/h2>\n\n<div style=\"background: linear-gradient(135deg, #667eea 0%, #764ba2 100%);color: white;padding: 30px;border-radius: 10px\">\n<p style=\"margin: 0;font-size: 1.2em;display: flex;align-items: center;gap: 10px\">\n<span style=\"font-size: 1.5em\">\ud83d\udce7<\/span>\n<strong>Email:<\/strong> <a href=\"mailto:projetoebssc.cai@gmail.com\" style=\"color: white;text-decoration: underline\">projetoebssc.cai@gmail.com<\/a>\n<\/p>\n<\/div>\n<\/div>\n\n<!-- Documentos do Projeto -->\n<div style=\"margin-bottom: 40px\">\n<h2 style=\"color: #667eea;font-size: 2em;border-bottom: 3px solid #667eea;padding-bottom: 10px;margin-bottom: 25px\">\ud83d\udcc2 Documentos do Projeto CAI<\/h2>\n\n<div style=\"background-color: #f8f9fa;border: 2px dashed #667eea;padding: 30px;border-radius: 10px;text-align: center\">\n<p style=\"margin: 0;font-size: 1.1em;color: #666\">\n\n\n <a href=\"https:\/\/escoladigital.madeira.gov.pt\/ebsscruz\/wp-content\/uploads\/sites\/6\/2025\/11\/LP_PlanoAcao_EquipaCAI_22-26.pdf\" target=\"_blank\" rel=\"noopener noreferrer\" style=\"display: inline-block;background: #667eea;color: white;padding: 12px 24px;text-decoration: none;border-radius: 5px;margin: 10px 10px 10px 0\">\ud83d\udcd1 Plano Longo Prazo 2022-2026<\/a>\n\n <a href=\"https:\/\/escoladigital.madeira.gov.pt\/ebsscruz\/wp-content\/uploads\/sites\/6\/2025\/11\/Relatorio_AtividadeCAI_2425_29072025.pdf\" target=\"_blank\" rel=\"noopener noreferrer\" style=\"display: inline-block;background: #667eea;color: white;padding: 12px 24px;text-decoration: none;border-radius: 5px;margin: 10px 10px 10px 0\">\ud83d\udcd1 Relat\u00f3rio Atividade 2024-2025<\/a>\n\n <a href=\"https:\/\/escoladigital.madeira.gov.pt\/ebsscruz\/wp-content\/uploads\/sites\/6\/2025\/11\/PlanoAcao_Equipa_Autoavaliacao_EBSSC_25-26.pdf\" target=\"_blank\" rel=\"noopener noreferrer\" style=\"display: inline-block;background: #667eea;color: white;padding: 12px 24px;text-decoration: none;border-radius: 5px;margin: 10px 10px 10px 0\">\ud83d\udcd1 Plano A\u00e7\u00e3o 2025-2026<\/a>\n<\/p>\n<\/div>\n<\/div>\n\n<\/div>\n\n\n\n<p><\/p>\n","protected":false},"excerpt":{"rendered":"<p>\ud83d\udcca Comiss\u00e3o de Avalia\u00e7\u00e3o Interna (CAI) Escola B\u00e1sica e Secund\u00e1ria de Santa Cruz \ud83d\udccb Apresenta\u00e7\u00e3o A Comiss\u00e3o de Avalia\u00e7\u00e3o Interna [&hellip;]<\/p>\n","protected":false},"author":37,"featured_media":0,"parent":0,"menu_order":0,"comment_status":"closed","ping_status":"closed","template":"","meta":{"site-sidebar-layout":"default","site-content-layout":"","ast-site-content-layout":"default","site-content-style":"default","site-sidebar-style":"default","ast-global-header-display":"","ast-banner-title-visibility":"","ast-main-header-display":"","ast-hfb-above-header-display":"","ast-hfb-below-header-display":"","ast-hfb-mobile-header-display":"","site-post-title":"","ast-breadcrumbs-content":"","ast-featured-img":"","footer-sml-layout":"","ast-disable-related-posts":"","theme-transparent-header-meta":"","adv-header-id-meta":"","stick-header-meta":"","header-above-stick-meta":"","header-main-stick-meta":"","header-below-stick-meta":"","astra-migrate-meta-layouts":"default","ast-page-background-enabled":"default","ast-page-background-meta":{"desktop":{"background-color":"var(--ast-global-color-4)","background-image":"","background-repeat":"repeat","background-position":"center center","background-size":"auto","background-attachment":"scroll","background-type":"","background-media":"","overlay-type":"","overlay-color":"","overlay-opacity":"","overlay-gradient":""},"tablet":{"background-color":"","background-image":"","background-repeat":"repeat","background-position":"center center","background-size":"auto","background-attachment":"scroll","background-type":"","background-media":"","overlay-type":"","overlay-color":"","overlay-opacity":"","overlay-gradient":""},"mobile":{"background-color":"","background-image":"","background-repeat":"repeat","background-position":"center center","background-size":"auto","background-attachment":"scroll","background-type":"","background-media":"","overlay-type":"","overlay-color":"","overlay-opacity":"","overlay-gradient":""}},"ast-content-background-meta":{"desktop":{"background-color":"var(--ast-global-color-5)","background-image":"","background-repeat":"repeat","background-position":"center center","background-size":"auto","background-attachment":"scroll","background-type":"","background-media":"","overlay-type":"","overlay-color":"","overlay-opacity":"","overlay-gradient":""},"tablet":{"background-color":"var(--ast-global-color-5)","background-image":"","background-repeat":"repeat","background-position":"center center","background-size":"auto","background-attachment":"scroll","background-type":"","background-media":"","overlay-type":"","overlay-color":"","overlay-opacity":"","overlay-gradient":""},"mobile":{"background-color":"var(--ast-global-color-5)","background-image":"","background-repeat":"repeat","background-position":"center center","background-size":"auto","background-attachment":"scroll","background-type":"","background-media":"","overlay-type":"","overlay-color":"","overlay-opacity":"","overlay-gradient":""}},"_themeisle_gutenberg_block_has_review":false,"footnotes":""},"class_list":["post-4693","page","type-page","status-publish","hentry"],"_links":{"self":[{"href":"https:\/\/escoladigital.madeira.gov.pt\/ebsscruz\/wp-json\/wp\/v2\/pages\/4693","targetHints":{"allow":["GET"]}}],"collection":[{"href":"https:\/\/escoladigital.madeira.gov.pt\/ebsscruz\/wp-json\/wp\/v2\/pages"}],"about":[{"href":"https:\/\/escoladigital.madeira.gov.pt\/ebsscruz\/wp-json\/wp\/v2\/types\/page"}],"author":[{"embeddable":true,"href":"https:\/\/escoladigital.madeira.gov.pt\/ebsscruz\/wp-json\/wp\/v2\/users\/37"}],"replies":[{"embeddable":true,"href":"https:\/\/escoladigital.madeira.gov.pt\/ebsscruz\/wp-json\/wp\/v2\/comments?post=4693"}],"version-history":[{"count":11,"href":"https:\/\/escoladigital.madeira.gov.pt\/ebsscruz\/wp-json\/wp\/v2\/pages\/4693\/revisions"}],"predecessor-version":[{"id":4747,"href":"https:\/\/escoladigital.madeira.gov.pt\/ebsscruz\/wp-json\/wp\/v2\/pages\/4693\/revisions\/4747"}],"wp:attachment":[{"href":"https:\/\/escoladigital.madeira.gov.pt\/ebsscruz\/wp-json\/wp\/v2\/media?parent=4693"}],"curies":[{"name":"wp","href":"https:\/\/api.w.org\/{rel}","templated":true}]}}