{"id":4743,"date":"2025-11-14T13:07:55","date_gmt":"2025-11-14T13:07:55","guid":{"rendered":"https:\/\/escoladigital.madeira.gov.pt\/ebsscruz\/?page_id=4743"},"modified":"2025-11-21T12:09:15","modified_gmt":"2025-11-21T12:09:15","slug":"%f0%9f%93%9abiblioteca-new","status":"publish","type":"page","link":"https:\/\/escoladigital.madeira.gov.pt\/ebsscruz\/%f0%9f%93%9abiblioteca-new\/","title":{"rendered":"\ud83d\udcdaBiblioteca new"},"content":{"rendered":"\n<div>\n  \n<h1 style=\"text-align: center;padding: 20px 0;background-color:#e0fade;border-bottom: 3px solid #207cca\">\n<img decoding=\"async\" src=\"https:\/\/escoladigital.madeira.gov.pt\/ebsscruz\/wp-content\/uploads\/sites\/6\/2025\/11\/Biblocas-removebg-preview.png\" alt=\"Logo Comiss\u00e3o\" height=\"180\" width=\"100\"> <br>\n        \ud83d\udcda Biblioteca\n    <\/h1>\n    <p style=\"text-align: center;font-size: 1.1em;margin-bottom: 20px\">\n       Escola B\u00e1sica e Secund\u00e1ria de Santa Cruz\n    <\/p>\n\n        <div style=\"background: white;padding: 30px;margin-bottom: 20px;border-radius: 8px\">\n        <h2 style=\"color: #667eea;margin-bottom: 15px;font-size: 1.8em;border-bottom: 3px solid #667eea;padding-bottom: 10px\">\ud83d\udccb Apresenta\u00e7\u00e3o<\/h2>\n        <p> A biblioteca da nossa escola \u00e9 um cantinho especial para aprender, pesquisar e sonhar. Entre livros, leituras e conversas, constru\u00edmos juntos um ambiente de partilha e descoberta. Seja bem-vindo \u2014 este espa\u00e7o \u00e9 seu!<\/p>\n <h2 style=\"color: #667eea;margin-bottom: 15px;font-size: 1.8em;border-bottom: 3px solid #667eea;padding-bottom: 10px\">\ud83d\udccb Equipa t\u00e9cnica <\/h2>\n        <p> A biblioteca da nossa escola \u00e9 um cantinho especial para aprender, pesquisar e sonhar. Entre livros, leituras e conversas, constru\u00edmos juntos um ambiente de partilha e descoberta. Seja bem-vindo \u2014 este espa\u00e7o \u00e9 seu!<\/p>\n               \n        <div style=\"background: white;padding: 30px;margin-bottom: 20px;border-radius: 8px\">\n        <h2 style=\"color: #667eea;margin-bottom: 15px;font-size: 1.8em;border-bottom: 3px solid #667eea;padding-bottom: 10px\"><h2>\ud83c\udfaf Caracteriza\u00e7\u00e3o de Cada Medida<\/h2><\/h2>\n        <h2>Equipa t\u00e9cnica<\/h2>\n        <div class=\"equipa\">\n            <p>Virg\u00ednia N\u00f3ia (T\u00e9cnica Superior)<br>\n            Leonardo Fernandes (T\u00e9cnico Superior)<br>\n            Lu\u00edsa Sardinha (T\u00e9cnica Superior)<\/p>\n        <\/div>\n    <\/div>\n\n\n\n<p><\/p>\n","protected":false},"excerpt":{"rendered":"<p>\ud83d\udcda Biblioteca Escola B\u00e1sica e Secund\u00e1ria de Santa Cruz \ud83d\udccb Apresenta\u00e7\u00e3o A biblioteca da nossa escola \u00e9 um cantinho especial [&hellip;]<\/p>\n","protected":false},"author":37,"featured_media":0,"parent":0,"menu_order":0,"comment_status":"closed","ping_status":"closed","template":"","meta":{"site-sidebar-layout":"default","site-content-layout":"","ast-site-content-layout":"default","site-content-style":"default","site-sidebar-style":"default","ast-global-header-display":"","ast-banner-title-visibility":"","ast-main-header-display":"","ast-hfb-above-header-display":"","ast-hfb-below-header-display":"","ast-hfb-mobile-header-display":"","site-post-title":"","ast-breadcrumbs-content":"","ast-featured-img":"","footer-sml-layout":"","ast-disable-related-posts":"","theme-transparent-header-meta":"","adv-header-id-meta":"","stick-header-meta":"","header-above-stick-meta":"","header-main-stick-meta":"","header-below-stick-meta":"","astra-migrate-meta-layouts":"default","ast-page-background-enabled":"default","ast-page-background-meta":{"desktop":{"background-color":"var(--ast-global-color-4)","background-image":"","background-repeat":"repeat","background-position":"center center","background-size":"auto","background-attachment":"scroll","background-type":"","background-media":"","overlay-type":"","overlay-color":"","overlay-opacity":"","overlay-gradient":""},"tablet":{"background-color":"","background-image":"","background-repeat":"repeat","background-position":"center center","background-size":"auto","background-attachment":"scroll","background-type":"","background-media":"","overlay-type":"","overlay-color":"","overlay-opacity":"","overlay-gradient":""},"mobile":{"background-color":"","background-image":"","background-repeat":"repeat","background-position":"center center","background-size":"auto","background-attachment":"scroll","background-type":"","background-media":"","overlay-type":"","overlay-color":"","overlay-opacity":"","overlay-gradient":""}},"ast-content-background-meta":{"desktop":{"background-color":"var(--ast-global-color-5)","background-image":"","background-repeat":"repeat","background-position":"center center","background-size":"auto","background-attachment":"scroll","background-type":"","background-media":"","overlay-type":"","overlay-color":"","overlay-opacity":"","overlay-gradient":""},"tablet":{"background-color":"var(--ast-global-color-5)","background-image":"","background-repeat":"repeat","background-position":"center center","background-size":"auto","background-attachment":"scroll","background-type":"","background-media":"","overlay-type":"","overlay-color":"","overlay-opacity":"","overlay-gradient":""},"mobile":{"background-color":"var(--ast-global-color-5)","background-image":"","background-repeat":"repeat","background-position":"center center","background-size":"auto","background-attachment":"scroll","background-type":"","background-media":"","overlay-type":"","overlay-color":"","overlay-opacity":"","overlay-gradient":""}},"_themeisle_gutenberg_block_has_review":false,"footnotes":""},"class_list":["post-4743","page","type-page","status-publish","hentry"],"_links":{"self":[{"href":"https:\/\/escoladigital.madeira.gov.pt\/ebsscruz\/wp-json\/wp\/v2\/pages\/4743","targetHints":{"allow":["GET"]}}],"collection":[{"href":"https:\/\/escoladigital.madeira.gov.pt\/ebsscruz\/wp-json\/wp\/v2\/pages"}],"about":[{"href":"https:\/\/escoladigital.madeira.gov.pt\/ebsscruz\/wp-json\/wp\/v2\/types\/page"}],"author":[{"embeddable":true,"href":"https:\/\/escoladigital.madeira.gov.pt\/ebsscruz\/wp-json\/wp\/v2\/users\/37"}],"replies":[{"embeddable":true,"href":"https:\/\/escoladigital.madeira.gov.pt\/ebsscruz\/wp-json\/wp\/v2\/comments?post=4743"}],"version-history":[{"count":1,"href":"https:\/\/escoladigital.madeira.gov.pt\/ebsscruz\/wp-json\/wp\/v2\/pages\/4743\/revisions"}],"predecessor-version":[{"id":4751,"href":"https:\/\/escoladigital.madeira.gov.pt\/ebsscruz\/wp-json\/wp\/v2\/pages\/4743\/revisions\/4751"}],"wp:attachment":[{"href":"https:\/\/escoladigital.madeira.gov.pt\/ebsscruz\/wp-json\/wp\/v2\/media?parent=4743"}],"curies":[{"name":"wp","href":"https:\/\/api.w.org\/{rel}","templated":true}]}}