{"id":4883,"date":"2025-11-20T20:37:15","date_gmt":"2025-11-20T20:37:15","guid":{"rendered":"https:\/\/escoladigital.madeira.gov.pt\/ebsscruz\/?page_id=4883"},"modified":"2026-02-06T09:56:04","modified_gmt":"2026-02-06T09:56:04","slug":"documentos-new","status":"publish","type":"page","link":"https:\/\/escoladigital.madeira.gov.pt\/ebsscruz\/documentos-new\/","title":{"rendered":"\ud83d\uddc2\ufe0fDocumentos gerais"},"content":{"rendered":"\n<div>\n    <h1 style=\"text-align: center;padding: 20px 0;background-color: #f0f5ff;border-bottom: 3px solid #207cca\">\n        \ud83d\udcda Documentos Oficiais\n    <\/h1>\n    <p style=\"text-align: center;font-size: 1.1em;margin-bottom: 20px\">\n      Consulte aqui alguns documentos estruturantes da nossa escola\n    <\/p>\n\n    \n        <div style=\"display: grid;grid-template-columns: repeat(auto-fit, minmax(280px, 1fr));gap: 20px;margin: 20px 0\">\n            <div style=\"background: white;padding: 20px;border-radius: 8px;border-top: 4px solid #764ba2\">\n                <h4 style=\"color: #667eea;margin-bottom: 10px;margin-top: 0;font-size: 1.2em\">\ud83c\udfdb\ufe0f Documentos estruturantes<\/h4>\n              <ul>\n                    <li> <a href=\"https:\/\/escoladigital.madeira.gov.pt\/ebsscruz\/wp-content\/uploads\/sites\/6\/2024\/03\/estatudo_aluno.pdf\" class=\"doc-button\" target=\"_blank\" rel=\"noopener noreferrer\">\ud83c\udf93 Estatuto do Aluno<\/a><\/li>\n                    <li> <a href=\"https:\/\/escoladigital.madeira.gov.pt\/ebsscruz\/wp-content\/uploads\/sites\/6\/2024\/03\/PEE_22_26-17_11_2022-1.pdf\" class=\"doc-button\" target=\"_blank\" rel=\"noopener noreferrer\">\ud83d\udccb Projeto Educativo 2022-2026<\/a><\/li>\n                    <li> <a href=\"https:\/\/escoladigital.madeira.gov.pt\/ebsscruz\/wp-content\/uploads\/sites\/6\/2026\/02\/PAE_EBSSC_2025_2026.pdf\" class=\"doc-button\" target=\"_blank\" rel=\"noopener noreferrer\">\ud83d\udcca Plano Anual de Atividades 2025-2026<\/a><\/li>\n                   <li> <a href=\"https:\/\/escoladigital.madeira.gov.pt\/ebsscruz\/wp-content\/uploads\/sites\/6\/2025\/11\/Relatorio_AtividadeCAI_2425_29072025.pdf\" class=\"doc-button\" target=\"_blank\" rel=\"noopener noreferrer\">\ud83d\udcc8 Relat\u00f3rio de Autoavalia\u00e7\u00e3o 2024-2025<\/a><\/li>\n                    <li> <a href=\"https:\/\/escoladigital.madeira.gov.pt\/ebsscruz\/wp-content\/uploads\/sites\/6\/2025\/12\/PLANOTIC2526_EBSSCruz.pdf\" class=\"doc-button\" target=\"_blank\" rel=\"noopener noreferrer\">\ud83d\udcbb Plano TIC 2025-2026<\/a><\/li>\n                    <\/ul>\n                <\/div>\n            <div style=\"background: white;padding: 20px;border-radius: 8px;border-top: 4px solid #764ba2\">\n                <h4 style=\"color: #667eea;margin-bottom: 10px;margin-top: 0;font-size: 1.2em\">\u2696\ufe0f Regulamentos<\/h4>\n                <ul>\n                       <li> <a href=\"https:\/\/escoladigital.madeira.gov.pt\/ebsscruz\/wp-content\/uploads\/sites\/6\/2024\/03\/Regulamento_Interno_Fevereiro_2023.pdf\" class=\"doc-button\" target=\"_blank\" rel=\"noopener noreferrer\">\ud83d\udcdc Regulamento Interno 2022-2026<\/a><\/li>\n                       <li> <a href=\"https:\/\/escoladigital.madeira.gov.pt\/ebsscruz\/wp-content\/uploads\/sites\/6\/2025\/11\/Codigo-de-Conduta-EBSSC-1.pdf\" class=\"doc-button\" target=\"_blank\" rel=\"noopener noreferrer\">\ud83e\udd1d C\u00f3digo de Conduta<\/a><\/li>\n <ul>\n                    <li> <a href=\"https:\/\/escoladigital.madeira.gov.pt\/ebsscruz\/wp-content\/uploads\/sites\/6\/2025\/11\/Declaracao-de-Inexistencia-de-Conflito-de-Interesses.pdf\" class=\"doc-button\" target=\"_blank\" rel=\"noopener noreferrer\">\ud83d\udcdd Declara\u00e7\u00e3o de Inexist\u00eancia de Conflito de Interesses<\/a><\/li>\n                   <\/ul>\n                    <\/ul>\n                <\/div>\n            <div style=\"background: white;padding: 20px;border-radius: 8px;border-top: 4px solid #764ba2\">\n                <h4 style=\"color: #667eea;margin-bottom: 10px;margin-top: 0;font-size: 1.2em\">\ud83d\udd0d Gest\u00e3o e Transpar\u00eancia<\/h4>\n               <ul> \n                     <li> <a href=\"https:\/\/escoladigital.madeira.gov.pt\/ebsscruz\/wp-content\/uploads\/sites\/6\/2025\/05\/Formulario_Exercicio_Direitos_RGPD_EBSSCruz.pdf\" class=\"doc-button\" target=\"_blank\" rel=\"noopener noreferrer\"> \ud83d\udcdd Formul\u00e1rio para Exerc\u00edcio dos Direitos (RGPD)<\/a><\/li>\n                    <li> <a href=\"https:\/\/escoladigital.madeira.gov.pt\/ebsscruz\/wp-content\/uploads\/sites\/6\/2025\/05\/Formulario_Consentimento_Imagem_Som_Video_EBSSCruz.pdf\" class=\"doc-button\" target=\"_blank\" rel=\"noopener noreferrer\"> \ud83c\udfa5 Formul\u00e1rio de Consentimento Imagem, Som e V\u00eddeo<\/a><\/li>\n                        <li> <a href=\"https:\/\/escoladigital.madeira.gov.pt\/ebsscruz\/wp-content\/uploads\/sites\/6\/2025\/11\/Plano-de-Prevencao-de-Riscos-e-Corrupcao-1.pdf\" class=\"doc-button\" target=\"_blank\" rel=\"noopener noreferrer\">\ud83d\udee1\ufe0f Plano de Riscos e Corrup\u00e7\u00e3o<\/a><\/li>\n                         <li> <a href=\"https:\/\/escoladigital.madeira.gov.pt\/ebsscruz\/wp-content\/uploads\/sites\/6\/2025\/05\/Politica_Privacidade_EBSSCruz.pdf\" class=\"doc-button\" target=\"_blank\" rel=\"noopener noreferrer\">\ud83d\udd10 Pol\u00edtica de Privacidade<\/a><\/li>\n                       \n                    <\/ul>\n                <\/div>\n            <\/div>\n <div style=\"display: grid;grid-template-columns: repeat(auto-fit, minmax(280px, 1fr));gap: 20px;margin: 20px 0\">\n            <div style=\"background: white;padding: 20px;border-radius: 8px;border-top: 4px solid #764ba2\">\n                <h4 style=\"color: #667eea;margin-bottom: 10px;margin-top: 0;font-size: 1.2em\">\ud83c\udf93\u00c1rea Pedag\u00f3gica<\/h4>\n              <ul>\n                   <li> <a href=\"https:\/\/escoladigital.madeira.gov.pt\/ebsscruz\/wp-content\/uploads\/sites\/6\/2025\/09\/CalendarioEscolar2025_2026EBSSC-1-1.pdf\" class=\"doc-button\" target=\"_blank\" rel=\"noopener noreferrer\">\ud83d\uddd3\ufe0f Calend\u00e1rio Escolar<\/a><\/li>\n                    <\/ul>\n                <\/div>\n            <div style=\"background: white;padding: 20px;border-radius: 8px;border-top: 4px solid #764ba2\">\n                <h4 style=\"color: #667eea;margin-bottom: 10px;margin-top: 0;font-size: 1.2em\">\ud83e\udd32 Inclus\u00e3o e Apoio<\/h4>\n                <ul>\n                       \n                                      <\/div>\n            <div style=\"background: white;padding: 20px;border-radius: 8px;border-top: 4px solid #764ba2\">\n                <h4 style=\"color: #667eea;margin-bottom: 10px;margin-top: 0;font-size: 1.2em\">\ud83d\udea8 Seguran\u00e7a e Ambiente<\/h4>\n               <ul>\n                        \n                    <\/ul>\n                <\/div>\n                         \n            <\/div>\n    <\/div>\n\n\n\n\n\n<p><\/p>\n","protected":false},"excerpt":{"rendered":"<p>\ud83d\udcda Documentos Oficiais Consulte aqui alguns documentos estruturantes da nossa escola \ud83c\udfdb\ufe0f Documentos estruturantes \ud83c\udf93 Estatuto do Aluno \ud83d\udccb Projeto [&hellip;]<\/p>\n","protected":false},"author":37,"featured_media":0,"parent":0,"menu_order":0,"comment_status":"closed","ping_status":"closed","template":"","meta":{"site-sidebar-layout":"default","site-content-layout":"","ast-site-content-layout":"default","site-content-style":"default","site-sidebar-style":"default","ast-global-header-display":"","ast-banner-title-visibility":"","ast-main-header-display":"","ast-hfb-above-header-display":"","ast-hfb-below-header-display":"","ast-hfb-mobile-header-display":"","site-post-title":"","ast-breadcrumbs-content":"","ast-featured-img":"","footer-sml-layout":"","ast-disable-related-posts":"","theme-transparent-header-meta":"","adv-header-id-meta":"","stick-header-meta":"","header-above-stick-meta":"","header-main-stick-meta":"","header-below-stick-meta":"","astra-migrate-meta-layouts":"default","ast-page-background-enabled":"default","ast-page-background-meta":{"desktop":{"background-color":"var(--ast-global-color-4)","background-image":"","background-repeat":"repeat","background-position":"center center","background-size":"auto","background-attachment":"scroll","background-type":"","background-media":"","overlay-type":"","overlay-color":"","overlay-opacity":"","overlay-gradient":""},"tablet":{"background-color":"","background-image":"","background-repeat":"repeat","background-position":"center center","background-size":"auto","background-attachment":"scroll","background-type":"","background-media":"","overlay-type":"","overlay-color":"","overlay-opacity":"","overlay-gradient":""},"mobile":{"background-color":"","background-image":"","background-repeat":"repeat","background-position":"center center","background-size":"auto","background-attachment":"scroll","background-type":"","background-media":"","overlay-type":"","overlay-color":"","overlay-opacity":"","overlay-gradient":""}},"ast-content-background-meta":{"desktop":{"background-color":"var(--ast-global-color-5)","background-image":"","background-repeat":"repeat","background-position":"center center","background-size":"auto","background-attachment":"scroll","background-type":"","background-media":"","overlay-type":"","overlay-color":"","overlay-opacity":"","overlay-gradient":""},"tablet":{"background-color":"var(--ast-global-color-5)","background-image":"","background-repeat":"repeat","background-position":"center center","background-size":"auto","background-attachment":"scroll","background-type":"","background-media":"","overlay-type":"","overlay-color":"","overlay-opacity":"","overlay-gradient":""},"mobile":{"background-color":"var(--ast-global-color-5)","background-image":"","background-repeat":"repeat","background-position":"center center","background-size":"auto","background-attachment":"scroll","background-type":"","background-media":"","overlay-type":"","overlay-color":"","overlay-opacity":"","overlay-gradient":""}},"_themeisle_gutenberg_block_has_review":false,"footnotes":""},"class_list":["post-4883","page","type-page","status-publish","hentry"],"_links":{"self":[{"href":"https:\/\/escoladigital.madeira.gov.pt\/ebsscruz\/wp-json\/wp\/v2\/pages\/4883","targetHints":{"allow":["GET"]}}],"collection":[{"href":"https:\/\/escoladigital.madeira.gov.pt\/ebsscruz\/wp-json\/wp\/v2\/pages"}],"about":[{"href":"https:\/\/escoladigital.madeira.gov.pt\/ebsscruz\/wp-json\/wp\/v2\/types\/page"}],"author":[{"embeddable":true,"href":"https:\/\/escoladigital.madeira.gov.pt\/ebsscruz\/wp-json\/wp\/v2\/users\/37"}],"replies":[{"embeddable":true,"href":"https:\/\/escoladigital.madeira.gov.pt\/ebsscruz\/wp-json\/wp\/v2\/comments?post=4883"}],"version-history":[{"count":32,"href":"https:\/\/escoladigital.madeira.gov.pt\/ebsscruz\/wp-json\/wp\/v2\/pages\/4883\/revisions"}],"predecessor-version":[{"id":5459,"href":"https:\/\/escoladigital.madeira.gov.pt\/ebsscruz\/wp-json\/wp\/v2\/pages\/4883\/revisions\/5459"}],"wp:attachment":[{"href":"https:\/\/escoladigital.madeira.gov.pt\/ebsscruz\/wp-json\/wp\/v2\/media?parent=4883"}],"curies":[{"name":"wp","href":"https:\/\/api.w.org\/{rel}","templated":true}]}}