{"id":6168,"date":"2026-05-07T18:41:12","date_gmt":"2026-05-07T18:41:12","guid":{"rendered":"https:\/\/escoladigital.madeira.gov.pt\/ebsscruz\/?page_id=6168"},"modified":"2026-05-07T18:43:21","modified_gmt":"2026-05-07T18:43:21","slug":"relatorioecontas2021","status":"publish","type":"page","link":"https:\/\/escoladigital.madeira.gov.pt\/ebsscruz\/relatorioecontas2021\/","title":{"rendered":"RelatorioeContas2021"},"content":{"rendered":"\n<div style=\"max-width: 900px;margin: 0 auto;padding: 30px\">\n\n    <h1 style=\"text-align: center;color: #2f5d50;letter-spacing: 2px\">\n        \ud83d\udcd1 Relat\u00f3rio e Contas 2021\n    <\/h1>\n\n    <p style=\"text-align: center;font-size: 1.1em;margin-bottom: 30px;color: #444\">\n        Nesta p\u00e1gina encontram-se dispon\u00edveis os documentos relativos ao Relat\u00f3rio e Contas da Escola B\u00e1sica e Secund\u00e1ria de Santa Cruz referentes ao ano de 2021.\n    <\/p>\n\n    <div style=\"background: #eef7f1;padding: 25px;border-radius: 10px;border-top: 5px solid #6fbf8f\">\n\n        <div style=\"display: grid;grid-template-columns: repeat(auto-fit, minmax(280px, 1fr));gap: 15px\">\n\n            <a href=\"#\" target=\"_blank\" rel=\"noopener noreferrer\" style=\"background: #4c9b6d;color: white;text-decoration: none;padding: 15px 20px;border-radius: 8px;font-weight: bold;text-align: center;display: block\">\n                \ud83d\udcc4 Ata da Ger\u00eancia 2021\n            <\/a>\n\n            <a href=\"#\" target=\"_blank\" rel=\"noopener noreferrer\" style=\"background: #4c9b6d;color: white;text-decoration: none;padding: 15px 20px;border-radius: 8px;font-weight: bold;text-align: center;display: block\">\n                \ud83d\udcca Balan\u00e7o 2021\n            <\/a>\n\n            <a href=\"#\" target=\"_blank\" rel=\"noopener noreferrer\" style=\"background: #4c9b6d;color: white;text-decoration: none;padding: 15px 20px;border-radius: 8px;font-weight: bold;text-align: center;display: block\">\n                \ud83d\udcb6 Demonstra\u00e7\u00e3o de Execu\u00e7\u00e3o Or\u00e7amental da Despesa\n            <\/a>\n\n            <a href=\"#\" target=\"_blank\" rel=\"noopener noreferrer\" style=\"background: #4c9b6d;color: white;text-decoration: none;padding: 15px 20px;border-radius: 8px;font-weight: bold;text-align: center;display: block\">\n                \ud83d\udcd8 Relat\u00f3rio de Gest\u00e3o 2021\n            <\/a>\n\n            <a href=\"#\" target=\"_blank\" rel=\"noopener noreferrer\" style=\"background: #4c9b6d;color: white;text-decoration: none;padding: 15px 20px;border-radius: 8px;font-weight: bold;text-align: center;display: block\">\n                \ud83d\udca7 Demonstra\u00e7\u00e3o dos Fluxos de Caixa\n            <\/a>\n\n            <a href=\"#\" target=\"_blank\" rel=\"noopener noreferrer\" style=\"background: #4c9b6d;color: white;text-decoration: none;padding: 15px 20px;border-radius: 8px;font-weight: bold;text-align: center;display: block\">\n                \ud83d\udcc8 Demonstra\u00e7\u00e3o dos Resultados por Natureza\n            <\/a>\n\n            <a href=\"#\" target=\"_blank\" rel=\"noopener noreferrer\" style=\"background: #4c9b6d;color: white;text-decoration: none;padding: 15px 20px;border-radius: 8px;font-weight: bold;text-align: center;display: block\">\n                \ud83d\udcda Demonstra\u00e7\u00f5es Financeiras 2021\n            <\/a>\n\n            <a href=\"#\" target=\"_blank\" rel=\"noopener noreferrer\" style=\"background: #4c9b6d;color: white;text-decoration: none;padding: 15px 20px;border-radius: 8px;font-weight: bold;text-align: center;display: block\">\n                \ud83d\udcb0 Demonstra\u00e7\u00e3o de Execu\u00e7\u00e3o Or\u00e7amental da Receita\n            <\/a>\n\n            <a href=\"#\" target=\"_blank\" rel=\"noopener noreferrer\" style=\"background: #4c9b6d;color: white;text-decoration: none;padding: 15px 20px;border-radius: 8px;font-weight: bold;text-align: center;display: block\">\n                \ud83d\udccb Demonstra\u00e7\u00e3o do Desempenho Or\u00e7amental\n            <\/a>\n\n            <a href=\"#\" target=\"_blank\" rel=\"noopener noreferrer\" style=\"background: #4c9b6d;color: white;text-decoration: none;padding: 15px 20px;border-radius: 8px;font-weight: bold;text-align: center;display: block\">\n                \ud83e\uddfe Demonstra\u00e7\u00e3o de Altera\u00e7\u00f5es no Patrim\u00f3nio L\u00edquido\n            <\/a>\n\n        <\/div>\n\n    <\/div>\n\n<\/div>\n","protected":false},"excerpt":{"rendered":"<p>\ud83d\udcd1 Relat\u00f3rio e Contas 2021 Nesta p\u00e1gina encontram-se dispon\u00edveis os documentos relativos ao Relat\u00f3rio e Contas da Escola B\u00e1sica e [&hellip;]<\/p>\n","protected":false},"author":89,"featured_media":0,"parent":0,"menu_order":0,"comment_status":"closed","ping_status":"closed","template":"","meta":{"site-sidebar-layout":"default","site-content-layout":"","ast-site-content-layout":"default","site-content-style":"default","site-sidebar-style":"default","ast-global-header-display":"","ast-banner-title-visibility":"","ast-main-header-display":"","ast-hfb-above-header-display":"","ast-hfb-below-header-display":"","ast-hfb-mobile-header-display":"","site-post-title":"","ast-breadcrumbs-content":"","ast-featured-img":"","footer-sml-layout":"","ast-disable-related-posts":"","theme-transparent-header-meta":"","adv-header-id-meta":"","stick-header-meta":"","header-above-stick-meta":"","header-main-stick-meta":"","header-below-stick-meta":"","astra-migrate-meta-layouts":"default","ast-page-background-enabled":"default","ast-page-background-meta":{"desktop":{"background-color":"var(--ast-global-color-4)","background-image":"","background-repeat":"repeat","background-position":"center center","background-size":"auto","background-attachment":"scroll","background-type":"","background-media":"","overlay-type":"","overlay-color":"","overlay-opacity":"","overlay-gradient":""},"tablet":{"background-color":"","background-image":"","background-repeat":"repeat","background-position":"center center","background-size":"auto","background-attachment":"scroll","background-type":"","background-media":"","overlay-type":"","overlay-color":"","overlay-opacity":"","overlay-gradient":""},"mobile":{"background-color":"","background-image":"","background-repeat":"repeat","background-position":"center center","background-size":"auto","background-attachment":"scroll","background-type":"","background-media":"","overlay-type":"","overlay-color":"","overlay-opacity":"","overlay-gradient":""}},"ast-content-background-meta":{"desktop":{"background-color":"var(--ast-global-color-5)","background-image":"","background-repeat":"repeat","background-position":"center center","background-size":"auto","background-attachment":"scroll","background-type":"","background-media":"","overlay-type":"","overlay-color":"","overlay-opacity":"","overlay-gradient":""},"tablet":{"background-color":"var(--ast-global-color-5)","background-image":"","background-repeat":"repeat","background-position":"center center","background-size":"auto","background-attachment":"scroll","background-type":"","background-media":"","overlay-type":"","overlay-color":"","overlay-opacity":"","overlay-gradient":""},"mobile":{"background-color":"var(--ast-global-color-5)","background-image":"","background-repeat":"repeat","background-position":"center center","background-size":"auto","background-attachment":"scroll","background-type":"","background-media":"","overlay-type":"","overlay-color":"","overlay-opacity":"","overlay-gradient":""}},"_themeisle_gutenberg_block_has_review":false,"footnotes":""},"class_list":["post-6168","page","type-page","status-publish","hentry"],"_links":{"self":[{"href":"https:\/\/escoladigital.madeira.gov.pt\/ebsscruz\/wp-json\/wp\/v2\/pages\/6168","targetHints":{"allow":["GET"]}}],"collection":[{"href":"https:\/\/escoladigital.madeira.gov.pt\/ebsscruz\/wp-json\/wp\/v2\/pages"}],"about":[{"href":"https:\/\/escoladigital.madeira.gov.pt\/ebsscruz\/wp-json\/wp\/v2\/types\/page"}],"author":[{"embeddable":true,"href":"https:\/\/escoladigital.madeira.gov.pt\/ebsscruz\/wp-json\/wp\/v2\/users\/89"}],"replies":[{"embeddable":true,"href":"https:\/\/escoladigital.madeira.gov.pt\/ebsscruz\/wp-json\/wp\/v2\/comments?post=6168"}],"version-history":[{"count":3,"href":"https:\/\/escoladigital.madeira.gov.pt\/ebsscruz\/wp-json\/wp\/v2\/pages\/6168\/revisions"}],"predecessor-version":[{"id":6174,"href":"https:\/\/escoladigital.madeira.gov.pt\/ebsscruz\/wp-json\/wp\/v2\/pages\/6168\/revisions\/6174"}],"wp:attachment":[{"href":"https:\/\/escoladigital.madeira.gov.pt\/ebsscruz\/wp-json\/wp\/v2\/media?parent=6168"}],"curies":[{"name":"wp","href":"https:\/\/api.w.org\/{rel}","templated":true}]}}