{"id":871,"date":"2024-09-11T14:06:31","date_gmt":"2024-09-11T14:06:31","guid":{"rendered":"https:\/\/escoladigital.madeira.gov.pt\/ebsscruz\/?page_id=871"},"modified":"2025-09-16T15:26:24","modified_gmt":"2025-09-16T15:26:24","slug":"informacoes-gerais","status":"publish","type":"page","link":"https:\/\/escoladigital.madeira.gov.pt\/ebsscruz\/informacoes-gerais\/","title":{"rendered":"\u2139\ufe0f Informa\u00e7\u00f5es gerais"},"content":{"rendered":"\n<div id=\"wp-block-themeisle-blocks-accordion-f7d5d521\" class=\"wp-block-themeisle-blocks-accordion exclusive\">\n<details class=\"wp-block-themeisle-blocks-accordion-item\"><summary class=\"wp-block-themeisle-blocks-accordion-item__title\"><div>Ano letivo 2024-2025<\/div><\/summary><div class=\"wp-block-themeisle-blocks-accordion-item__content\">\n<p><strong>O in\u00edcio das aulas para todos os anos de escolaridade (incluindo os Cursos EFA \u2013 Noturno)<\/strong>&nbsp;est\u00e1 previsto para o dia <strong>10 de setembro<\/strong> de 2024.<\/p>\n\n\n\n<p>A <strong>reuni\u00e3o com os Encarregados de Educa\u00e7\u00e3o\/Alunos do 5.\u00ba ano e visita guiada aos alunos do 5.\u00baano<\/strong> est\u00e1 prevista para o dia <strong>9 de setembro<\/strong> de 2024.<\/p>\n\n\n\n<div id=\"wp-block-themeisle-blocks-advanced-columns-415860cd\" class=\"wp-block-themeisle-blocks-advanced-columns has-3-columns has-desktop-oneOneTwo-layout has-tablet-equal-layout has-mobile-collapsedRows-layout has-vertical-unset\"><div class=\"wp-block-themeisle-blocks-advanced-columns-overlay\"><\/div><div class=\"innerblocks-wrap\">\n<div id=\"wp-block-themeisle-blocks-advanced-column-19f4ea6d\" class=\"wp-block-themeisle-blocks-advanced-column\">\n<figure class=\"wp-block-image size-large is-resized\"><img fetchpriority=\"high\" decoding=\"async\" width=\"1024\" height=\"598\" src=\"https:\/\/escoladigital.madeira.gov.pt\/ebsscruz\/wp-content\/uploads\/sites\/6\/2024\/09\/image-1024x598.png\" alt=\"\" class=\"wp-image-962\" style=\"width:254px;height:auto\" srcset=\"https:\/\/escoladigital.madeira.gov.pt\/ebsscruz\/wp-content\/uploads\/sites\/6\/2024\/09\/image-1024x598.png 1024w, https:\/\/escoladigital.madeira.gov.pt\/ebsscruz\/wp-content\/uploads\/sites\/6\/2024\/09\/image-300x175.png 300w, https:\/\/escoladigital.madeira.gov.pt\/ebsscruz\/wp-content\/uploads\/sites\/6\/2024\/09\/image-768x448.png 768w, https:\/\/escoladigital.madeira.gov.pt\/ebsscruz\/wp-content\/uploads\/sites\/6\/2024\/09\/image.png 1285w\" sizes=\"(max-width: 1024px) 100vw, 1024px\" \/><\/figure>\n<\/div>\n\n\n\n<div id=\"wp-block-themeisle-blocks-advanced-column-146eb9d8\" class=\"wp-block-themeisle-blocks-advanced-column\">\n<p>5.\u00ba A e 5.\u00ba D \u2013&nbsp;09 horas&nbsp;<br>(sala de sess\u00f5es)&nbsp;<\/p>\n\n\n\n<p>5.\u00ba B e 5.\u00ba C \u2013&nbsp;10 horas&nbsp;<br>(sala de sess\u00f5es)<\/p>\n<\/div>\n\n\n\n<div id=\"wp-block-themeisle-blocks-advanced-column-7e378beb\" class=\"wp-block-themeisle-blocks-advanced-column\">\n<p><br><br><a href=\"https:\/\/escoladigital.madeira.gov.pt\/ebsscruz\/wp-content\/uploads\/sites\/6\/2024\/09\/Lista_material_5oAno.pdf\" data-type=\"link\" data-id=\"https:\/\/escoladigital.madeira.gov.pt\/ebsscruz\/wp-content\/uploads\/sites\/6\/2024\/09\/Lista_material_5oAno.pdf\" target=\"_blank\" rel=\"noreferrer noopener\">Lista de Material <\/a>para o 5.\u00baAno de escolaridade<\/p>\n<\/div>\n<\/div><\/div>\n\n\n\n<p><\/p>\n\n\n\n<p><\/p>\n\n\n\n<p><\/p>\n\n\n\n<p>Estas s\u00e3o as <strong>datas de afixa\u00e7\u00e3o <\/strong>das <strong>turmas <\/strong>e dos seus <strong>hor\u00e1rios<\/strong><\/p>\n\n\n\n<div id=\"wp-block-themeisle-blocks-advanced-columns-09c6214f\" class=\"wp-block-themeisle-blocks-advanced-columns has-3-columns has-desktop-equal-layout has-tablet-equal-layout has-mobile-collapsedRows-layout has-vertical-unset\"><div class=\"wp-block-themeisle-blocks-advanced-columns-overlay\"><\/div><div class=\"innerblocks-wrap\">\n<div id=\"wp-block-themeisle-blocks-advanced-column-c5b50535\" class=\"wp-block-themeisle-blocks-advanced-column\">\n<figure class=\"wp-block-image alignleft is-resized\"><img decoding=\"async\" src=\"https:\/\/caidi.pt\/wp-content\/uploads\/2020\/08\/img-capa-pais.png\" alt=\"\" style=\"width:260px;height:auto\" \/><\/figure>\n<\/div>\n\n\n\n<div id=\"wp-block-themeisle-blocks-advanced-column-e9013328\" class=\"wp-block-themeisle-blocks-advanced-column\">\n<p><strong>1.\u00ba &#8211; Afixa\u00e7\u00e3o das turmas<\/strong>:&nbsp;27 de agosto de 2024<\/p>\n\n\n\n<p><strong>2.\u00ba &#8211; Afixa\u00e7\u00e3o dos hor\u00e1rios das turmas<\/strong>:&nbsp;30 de agosto de 2024 (final da tarde)<\/p>\n<\/div>\n\n\n\n<div id=\"wp-block-themeisle-blocks-advanced-column-25fceb46\" class=\"wp-block-themeisle-blocks-advanced-column\"><\/div>\n<\/div><\/div>\n<\/div><\/details>\n\n\n\n<details class=\"wp-block-themeisle-blocks-accordion-item\"><summary class=\"wp-block-themeisle-blocks-accordion-item__title\"><div>A\u00e7\u00e3o Social Escolar (ASE)<\/div><\/summary><div class=\"wp-block-themeisle-blocks-accordion-item__content\">\n<p>Afixa\u00e7\u00e3o dos escal\u00f5es ASE \u2013 <strong>12 de agosto de 2024<\/strong><\/p>\n\n\n\n<p>(Pedido de revis\u00e3o do escal\u00e3o: At\u00e9 o dia 27 de agosto de 2024)<\/p>\n\n\n\n<p><strong>Pagamentos de transportes, lanches e almo\u00e7os:<\/strong><\/p>\n\n\n\n<p>&#8211; Dia 02 de setembro \u2013 5.\u00ba e 6.\u00ba anos<\/p>\n\n\n\n<p>&#8211; Dia 03 de setembro \u2013 7.\u00ba e 8.\u00ba anos<\/p>\n\n\n\n<p>&#8211; Dia 04 de setembro \u2013 9.\u00ba e 10.\u00ba anos<\/p>\n\n\n\n<p>&#8211; Dia 05 de setembro \u2013 11.\u00ba, 12.\u00ba anos e curso CEF<\/p>\n\n\n\n<p><strong><u>Nota<\/u><\/strong>: Os alunos do 12.\u00baano que t\u00eam direito aos manuais escolares (de acordo com o escal\u00e3o ASE) efetuam o levantamento de manuais neste dia (5 de setembro), entre as&nbsp;08h30 e as 16h00, na papelaria da escola.<\/p>\n\n\n\n<p><strong><u>Hor\u00e1rio de atendimento da A\u00e7\u00e3o Social<\/u><\/strong>:&nbsp;9h00 \u00e0s 16h30 (n\u00e3o fecha na hora de almo\u00e7o)<\/p>\n<\/div><\/details>\n\n\n\n<details class=\"wp-block-themeisle-blocks-accordion-item\"><summary class=\"wp-block-themeisle-blocks-accordion-item__title\"><div>Passe escolar<\/div><\/summary><div class=\"wp-block-themeisle-blocks-accordion-item__content\">\n<p><strong>Por solicita\u00e7\u00e3o da SRECT, em colabora\u00e7\u00e3o com a DRMTT, foi solicitado \u00e0 escola o seguinte:<\/strong><\/p>\n\n\n\n<p>A 01\/07\/2024, entrar\u00e1 em vigor o novo sistema&nbsp;de&nbsp;bilh\u00e9tica (GIRO), data coincidente com a entrada em explora\u00e7\u00e3o das duas novas concess\u00f5es&nbsp;de&nbsp;Servi\u00e7o P\u00fablico&nbsp;de&nbsp;Transporte&nbsp;Rodovi\u00e1rio&nbsp;de&nbsp;Passageiros na Regi\u00e3o Aut\u00f3noma da Madeira, a Siga Rodoeste (Zona Oeste da ilha da Madeira) e CAM (Zona Este da ilha da Madeira e ilha do Porto Santo).&nbsp;Deste modo, torna-se necess\u00e1rio proceder \u00e0 troca dos cart\u00f5es dos&nbsp;passes atuais, por outros compat\u00edveis com o novo sistema&nbsp;de&nbsp;bilh\u00e9tica. Assim, os&nbsp;passes gratuitos dos jovens&nbsp;estudantes&nbsp;devem ser substitu\u00eddos por outros, podendo utilizar o canal privilegiado do seu estabelecimento&nbsp;de&nbsp;ensino, em vez&nbsp;de&nbsp;se&nbsp;deslocarem \u00e0s lojas onde habitualmente s\u00e3o requeridos os&nbsp;passes.<\/p>\n\n\n\n<p><strong>Processo:&nbsp;<\/strong>O procedimento&nbsp;de&nbsp;troca do&nbsp;passe&nbsp;atual pelo novo&nbsp;passe&nbsp;GIRO, ser\u00e1 feito da seguinte forma:&nbsp;<\/p>\n\n\n\n<p>&nbsp;a)&nbsp;Descarregar o Formul\u00e1rio pr\u00f3prio para o efeito no site da DRTMT (https:\/\/www.madeira.gov.pt\/drtmt) ou, em alternativa (apenas como \u00faltimo recurso), na escola em que o aluno frequentou o ano letivo 2023\/2024;<\/p>\n\n\n\n<p>&nbsp;b) Entrega do Formul\u00e1rio&nbsp;devidamente preenchido, juntando uma foto atualizada tipo&nbsp;passe, fotocopia do CC e pagando o valor do suporte&nbsp;de&nbsp;t\u00edtulo\/cart\u00e3o nesse momento, ou seja,&nbsp;<strong>2,50\u20ac&nbsp;<\/strong>se a entrega do formul\u00e1rio for efetuada at\u00e9 30\/06\/2024 ou 5,00\u20ac a partir&nbsp;de&nbsp;01\/07\/2024;&nbsp;<\/p>\n\n\n\n<p>&nbsp;c) Levantamento do novo&nbsp;passe&nbsp;GIRO e da fatura-recibo no mesmo estabelecimento&nbsp;de&nbsp;ensino onde entregou o Formul\u00e1rio, no in\u00edcio do ano escolar, com data sujeita a confirma\u00e7\u00e3o.<\/p>\n\n\n\n<p>Assim, solicita-se que, os interessados em adquirir um t\u00edtulo&nbsp;de&nbsp;transporte&nbsp;para o pr\u00f3ximo ano letivo, se dirijam aos servi\u00e7os&nbsp;de&nbsp;a\u00e7\u00e3o social escolar a fim&nbsp;de&nbsp;entregar o respetivo formul\u00e1rio, acompanhado por 1 foto atualizada do aluno e fotoc\u00f3pia do cart\u00e3o do cidad\u00e3o.<\/p>\n<\/div><\/details>\n\n\n\n<details class=\"wp-block-themeisle-blocks-accordion-item\"><summary class=\"wp-block-themeisle-blocks-accordion-item__title\"><div>Refei\u00e7\u00f5es <\/div><\/summary><div class=\"wp-block-themeisle-blocks-accordion-item__content\">\n<div id=\"wp-block-themeisle-blocks-accordion-7fadf539\" class=\"wp-block-themeisle-blocks-accordion exclusive\">\n<details class=\"wp-block-themeisle-blocks-accordion-item\"><summary class=\"wp-block-themeisle-blocks-accordion-item__title\"><div>Ementa Semanal<\/div><\/summary><div class=\"wp-block-themeisle-blocks-accordion-item__content\">\n<div data-wp-interactive=\"core\/file\" class=\"wp-block-file\"><object data-wp-bind--hidden=\"!state.hasPdfPreview\" hidden class=\"wp-block-file__embed\" data=\"https:\/\/escoladigital.madeira.gov.pt\/ebsscruz\/wp-content\/uploads\/sites\/6\/2024\/12\/Ementa15-16a20dez2024.pdf\" type=\"application\/pdf\" style=\"width:100%;height:600px\" aria-label=\"Incorpora\u00e7\u00e3o de Ementa15-16a20dez2024.\"><\/object><a id=\"wp-block-file--media-9e2a79b9-6be4-4e87-9e58-24e4e19d1417\" href=\"https:\/\/escoladigital.madeira.gov.pt\/ebsscruz\/wp-content\/uploads\/sites\/6\/2024\/12\/Ementa15-16a20dez2024.pdf\">Ementa15-16a20dez2024<\/a><a href=\"https:\/\/escoladigital.madeira.gov.pt\/ebsscruz\/wp-content\/uploads\/sites\/6\/2024\/12\/Ementa15-16a20dez2024.pdf\" class=\"wp-block-file__button wp-element-button\" download aria-describedby=\"wp-block-file--media-9e2a79b9-6be4-4e87-9e58-24e4e19d1417\">Descarregar<\/a><\/div>\n<\/div><\/details>\n\n\n\n<details class=\"wp-block-themeisle-blocks-accordion-item\"><summary class=\"wp-block-themeisle-blocks-accordion-item__title\"><div>Tabela de pre\u00e7os 2024-2025<\/div><\/summary><div class=\"wp-block-themeisle-blocks-accordion-item__content\">\n<p>A aquisi\u00e7\u00e3o da refei\u00e7\u00e3o completa dispon\u00edvel na cantina deve ser adquirida nos servi\u00e7os da A\u00e7\u00e3o Social. <br>O servi\u00e7o de cantina encontra-se dispon\u00edvel entre as 12h00 e as 14h00. <br>As refei\u00e7\u00f5es podem ser compradas ou canceladas at\u00e9 \u00e0s 10h30 do pr\u00f3prio dia, por\u00e9m recomenda-se que sempre que poss\u00edvel tal seja realizada no dia anterior.<\/p>\n\n\n\n<div data-wp-interactive=\"core\/file\" class=\"wp-block-file\"><object data-wp-bind--hidden=\"!state.hasPdfPreview\" hidden class=\"wp-block-file__embed\" data=\"https:\/\/escoladigital.madeira.gov.pt\/ebsscruz\/wp-content\/uploads\/sites\/6\/2024\/09\/TabelaPrecos_RefeicoesCantina2024-25.pdf\" type=\"application\/pdf\" style=\"width:100%;height:600px\" aria-label=\"Incorpora\u00e7\u00e3o de TabelaPre\u00e7os_Refei\u00e7\u00f5esCantina2024-25.\"><\/object><a id=\"wp-block-file--media-87c86f19-7425-41ba-b9d8-00f82ad99df7\" href=\"https:\/\/escoladigital.madeira.gov.pt\/ebsscruz\/wp-content\/uploads\/sites\/6\/2024\/09\/TabelaPrecos_RefeicoesCantina2024-25.pdf\">TabelaPre\u00e7os_Refei\u00e7\u00f5esCantina2024-25<\/a><a href=\"https:\/\/escoladigital.madeira.gov.pt\/ebsscruz\/wp-content\/uploads\/sites\/6\/2024\/09\/TabelaPrecos_RefeicoesCantina2024-25.pdf\" class=\"wp-block-file__button wp-element-button\" download aria-describedby=\"wp-block-file--media-87c86f19-7425-41ba-b9d8-00f82ad99df7\">Descarregar<\/a><\/div>\n<\/div><\/details>\n<\/div>\n<\/div><\/details>\n<\/div>\n\n\n\n<p><\/p>\n","protected":false},"excerpt":{"rendered":"","protected":false},"author":37,"featured_media":0,"parent":0,"menu_order":0,"comment_status":"closed","ping_status":"closed","template":"","meta":{"site-sidebar-layout":"default","site-content-layout":"","ast-site-content-layout":"default","site-content-style":"default","site-sidebar-style":"default","ast-global-header-display":"","ast-banner-title-visibility":"","ast-main-header-display":"","ast-hfb-above-header-display":"","ast-hfb-below-header-display":"","ast-hfb-mobile-header-display":"","site-post-title":"","ast-breadcrumbs-content":"","ast-featured-img":"","footer-sml-layout":"","ast-disable-related-posts":"","theme-transparent-header-meta":"","adv-header-id-meta":"","stick-header-meta":"","header-above-stick-meta":"","header-main-stick-meta":"","header-below-stick-meta":"","astra-migrate-meta-layouts":"default","ast-page-background-enabled":"default","ast-page-background-meta":{"desktop":{"background-color":"var(--ast-global-color-4)","background-image":"","background-repeat":"repeat","background-position":"center center","background-size":"auto","background-attachment":"scroll","background-type":"","background-media":"","overlay-type":"","overlay-color":"","overlay-opacity":"","overlay-gradient":""},"tablet":{"background-color":"","background-image":"","background-repeat":"repeat","background-position":"center center","background-size":"auto","background-attachment":"scroll","background-type":"","background-media":"","overlay-type":"","overlay-color":"","overlay-opacity":"","overlay-gradient":""},"mobile":{"background-color":"","background-image":"","background-repeat":"repeat","background-position":"center center","background-size":"auto","background-attachment":"scroll","background-type":"","background-media":"","overlay-type":"","overlay-color":"","overlay-opacity":"","overlay-gradient":""}},"ast-content-background-meta":{"desktop":{"background-color":"var(--ast-global-color-5)","background-image":"","background-repeat":"repeat","background-position":"center center","background-size":"auto","background-attachment":"scroll","background-type":"","background-media":"","overlay-type":"","overlay-color":"","overlay-opacity":"","overlay-gradient":""},"tablet":{"background-color":"var(--ast-global-color-5)","background-image":"","background-repeat":"repeat","background-position":"center center","background-size":"auto","background-attachment":"scroll","background-type":"","background-media":"","overlay-type":"","overlay-color":"","overlay-opacity":"","overlay-gradient":""},"mobile":{"background-color":"var(--ast-global-color-5)","background-image":"","background-repeat":"repeat","background-position":"center center","background-size":"auto","background-attachment":"scroll","background-type":"","background-media":"","overlay-type":"","overlay-color":"","overlay-opacity":"","overlay-gradient":""}},"_themeisle_gutenberg_block_has_review":false,"footnotes":""},"class_list":["post-871","page","type-page","status-publish","hentry"],"_links":{"self":[{"href":"https:\/\/escoladigital.madeira.gov.pt\/ebsscruz\/wp-json\/wp\/v2\/pages\/871","targetHints":{"allow":["GET"]}}],"collection":[{"href":"https:\/\/escoladigital.madeira.gov.pt\/ebsscruz\/wp-json\/wp\/v2\/pages"}],"about":[{"href":"https:\/\/escoladigital.madeira.gov.pt\/ebsscruz\/wp-json\/wp\/v2\/types\/page"}],"author":[{"embeddable":true,"href":"https:\/\/escoladigital.madeira.gov.pt\/ebsscruz\/wp-json\/wp\/v2\/users\/37"}],"replies":[{"embeddable":true,"href":"https:\/\/escoladigital.madeira.gov.pt\/ebsscruz\/wp-json\/wp\/v2\/comments?post=871"}],"version-history":[{"count":20,"href":"https:\/\/escoladigital.madeira.gov.pt\/ebsscruz\/wp-json\/wp\/v2\/pages\/871\/revisions"}],"predecessor-version":[{"id":3782,"href":"https:\/\/escoladigital.madeira.gov.pt\/ebsscruz\/wp-json\/wp\/v2\/pages\/871\/revisions\/3782"}],"wp:attachment":[{"href":"https:\/\/escoladigital.madeira.gov.pt\/ebsscruz\/wp-json\/wp\/v2\/media?parent=871"}],"curies":[{"name":"wp","href":"https:\/\/api.w.org\/{rel}","templated":true}]}}