{"id":393,"date":"2025-12-01T17:26:05","date_gmt":"2025-12-01T17:26:05","guid":{"rendered":"https:\/\/escoladigital.madeira.gov.pt\/escondestavel\/?page_id=393"},"modified":"2025-12-09T12:06:57","modified_gmt":"2025-12-09T12:06:57","slug":"documentos","status":"publish","type":"page","link":"https:\/\/escoladigital.madeira.gov.pt\/escondestavel\/documentos\/","title":{"rendered":"Documentos"},"content":{"rendered":"<div class=\"shared-files-embed-69ebe27859ec4 shared-files-main-container\" data-elem-class=\"shared-files-embed-69ebe27859ec4\" data-search-type=\"0\" data-post-id=\"393\"><div class=\"shared-files-search\"><ul class=\"shared-files-main-file-list\"><li class=\"shared-files-card-342\"><div class=\"shared-files-main-elements\"><div class=\"shared-files-main-elements-left\" style=\"background-image: url(https:\/\/escoladigital.madeira.gov.pt\/escondestavel\/wp-content\/plugins\/shared-files\/img\/2020\/pdf.svg);\"><\/div><div class=\"shared-files-main-elements-right\"><a class=\"shared-files-file-title\"  data-file-type=\"\"  data-file-url=\"\/escondestavel\/escondestavel\/shared-files\/342\/?PROJECTO-EDUCATIVO.pdf.pdf\"  data-external-url=\"\"  data-image-url=\"\" href=\"\/escondestavel\/escondestavel\/shared-files\/342\/?PROJECTO-EDUCATIVO.pdf.pdf\" target=\"_blank\">PEE<\/a><span class=\"shared-file-size\">498.93 KB<\/span><a href=\"https:\/\/escoladigital.madeira.gov.pt\/escondestavel\/escondestavel\/shared-files\/342\/?PROJECTO-EDUCATIVO.pdf.pdf\" target=\"_blank\" class=\"shared-files-preview-button\">Visualiza\u00e7\u00e3o<\/a><span class=\"shared-file-date\">Dezembro 1, 2025<\/span><div class=\"shared-files-download-counter\"><span>Downloads: 105<\/span><\/div><div class=\"shared-files-download-button-container\"><a href=\"\/escondestavel\/escondestavel\/shared-files\/342\/?PROJECTO-EDUCATIVO.pdf.pdf&download=1\" class=\"shared-files-download-button\"  download>Download<\/a><\/div><div class=\"shared-files-edit-actions\"><\/div><\/div><\/div><\/li><\/ul><\/div><\/div>\n\n\n<div class=\"shared-files-embed-69ebe2785a97c shared-files-main-container\" data-elem-class=\"shared-files-embed-69ebe2785a97c\" data-search-type=\"0\" data-post-id=\"342\"><div class=\"shared-files-search\"><ul class=\"shared-files-main-file-list\"><li class=\"shared-files-card-345\"><div class=\"shared-files-main-elements\"><div class=\"shared-files-main-elements-left\" style=\"background-image: url(https:\/\/escoladigital.madeira.gov.pt\/escondestavel\/wp-content\/plugins\/shared-files\/img\/2020\/pdf.svg);\"><\/div><div class=\"shared-files-main-elements-right\"><a class=\"shared-files-file-title\"  data-file-type=\"\"  data-file-url=\"\/escondestavel\/escondestavel\/shared-files\/345\/?regulamento-interno.pdf.pdf\"  data-external-url=\"\"  data-image-url=\"\" href=\"\/escondestavel\/escondestavel\/shared-files\/345\/?regulamento-interno.pdf.pdf\" target=\"_blank\">Regulamento Interno<\/a><span class=\"shared-file-size\">487.83 KB<\/span><a href=\"https:\/\/escoladigital.madeira.gov.pt\/escondestavel\/escondestavel\/shared-files\/345\/?regulamento-interno.pdf.pdf\" target=\"_blank\" class=\"shared-files-preview-button\">Visualiza\u00e7\u00e3o<\/a><span class=\"shared-file-date\">Dezembro 1, 2025<\/span><div class=\"shared-files-download-counter\"><span>Downloads: 221<\/span><\/div><div class=\"shared-files-download-button-container\"><a href=\"\/escondestavel\/escondestavel\/shared-files\/345\/?regulamento-interno.pdf.pdf&download=1\" class=\"shared-files-download-button\"  download>Download<\/a><\/div><div class=\"shared-files-edit-actions\"><\/div><\/div><\/div><\/li><\/ul><\/div><\/div>\n\n\n<div class=\"shared-files-embed-69ebe2785b1a5 shared-files-main-container\" data-elem-class=\"shared-files-embed-69ebe2785b1a5\" data-search-type=\"0\" data-post-id=\"345\"><div class=\"shared-files-search\"><ul class=\"shared-files-main-file-list\"><li class=\"shared-files-card-343\"><div class=\"shared-files-main-elements\"><div class=\"shared-files-main-elements-left\" style=\"background-image: url(https:\/\/escoladigital.madeira.gov.pt\/escondestavel\/wp-content\/plugins\/shared-files\/img\/2020\/pdf.svg);\"><\/div><div class=\"shared-files-main-elements-right\"><a class=\"shared-files-file-title\"  data-file-type=\"\"  data-file-url=\"\/escondestavel\/escondestavel\/shared-files\/343\/?Criterios-de-Avaliacao-2025-2026.pdf\"  data-external-url=\"\"  data-image-url=\"\" href=\"\/escondestavel\/escondestavel\/shared-files\/343\/?Criterios-de-Avaliacao-2025-2026.pdf\" target=\"_blank\">Crit\u00e9rios de Avalia\u00e7\u00e3o<\/a><span class=\"shared-file-size\">1.19 MB<\/span><a href=\"https:\/\/escoladigital.madeira.gov.pt\/escondestavel\/escondestavel\/shared-files\/343\/?Criterios-de-Avaliacao-2025-2026.pdf\" target=\"_blank\" class=\"shared-files-preview-button\">Visualiza\u00e7\u00e3o<\/a><span class=\"shared-file-date\">Dezembro 1, 2025<\/span><div class=\"shared-files-download-counter\"><span>Downloads: 278<\/span><\/div><div class=\"shared-files-download-button-container\"><a href=\"\/escondestavel\/escondestavel\/shared-files\/343\/?Criterios-de-Avaliacao-2025-2026.pdf&download=1\" class=\"shared-files-download-button\"  download>Download<\/a><\/div><div class=\"shared-files-edit-actions\"><\/div><\/div><\/div><\/li><\/ul><\/div><\/div>\n\n\n<div class=\"shared-files-embed-69ebe2785cfa9 shared-files-main-container\" data-elem-class=\"shared-files-embed-69ebe2785cfa9\" data-search-type=\"0\" data-post-id=\"343\"><div class=\"shared-files-search\"><ul class=\"shared-files-main-file-list\"><li class=\"shared-files-card-344\"><div class=\"shared-files-main-elements\"><div class=\"shared-files-main-elements-left\" style=\"background-image: url(https:\/\/escoladigital.madeira.gov.pt\/escondestavel\/wp-content\/plugins\/shared-files\/img\/2020\/doc.svg);\"><\/div><div class=\"shared-files-main-elements-right\"><a class=\"shared-files-file-title\"  data-file-type=\"\"  data-file-url=\"\/escondestavel\/escondestavel\/shared-files\/344\/?Plano-Anual-de-Escola-2025-2026.docx\"  data-external-url=\"\"  data-image-url=\"\" href=\"\/escondestavel\/escondestavel\/shared-files\/344\/?Plano-Anual-de-Escola-2025-2026.docx\" target=\"_blank\">Plano Anual de Escola<\/a><span class=\"shared-file-size\">1.34 MB<\/span><a href=\"https:\/\/view.officeapps.live.com\/op\/view.aspx?src=https%3A%2F%2Fescoladigital.madeira.gov.pt%2Fescondestavel%2Fescondestavel%2Fshared-files%2F344%2F%3FPlano-Anual-de-Escola-2025-2026.docx\" target=\"_blank\" class=\"shared-files-preview-button\">Visualiza\u00e7\u00e3o<\/a><span class=\"shared-file-date\">Dezembro 1, 2025<\/span><div class=\"shared-files-download-counter\"><span>Downloads: 117<\/span><\/div><div class=\"shared-files-download-button-container\"><a href=\"\/escondestavel\/escondestavel\/shared-files\/344\/?Plano-Anual-de-Escola-2025-2026.docx&download=1\" class=\"shared-files-download-button\"  download>Download<\/a><\/div><div class=\"shared-files-edit-actions\"><\/div><\/div><\/div><\/li><\/ul><\/div><\/div>\n\n\n<div class=\"shared-files-embed-69ebe278606d0 shared-files-main-container\" data-elem-class=\"shared-files-embed-69ebe278606d0\" data-search-type=\"0\" data-post-id=\"344\"><div class=\"shared-files-search\"><ul class=\"shared-files-main-file-list\"><li class=\"shared-files-card-406\"><div class=\"shared-files-main-elements\"><div class=\"shared-files-main-elements-left\" style=\"background-image: url(https:\/\/escoladigital.madeira.gov.pt\/escondestavel\/wp-content\/plugins\/shared-files\/img\/2020\/doc.svg);\"><\/div><div class=\"shared-files-main-elements-right\"><a class=\"shared-files-file-title\"  data-file-type=\"\"  data-file-url=\"\/escondestavel\/escondestavel\/shared-files\/406\/?PLANO-TIC-25-26-Santo-Condestavel-1.docx\"  data-external-url=\"\"  data-image-url=\"\" href=\"\/escondestavel\/escondestavel\/shared-files\/406\/?PLANO-TIC-25-26-Santo-Condestavel-1.docx\" target=\"_blank\">Plano Anual TIC<\/a><span class=\"shared-file-size\">2.36 MB<\/span><a href=\"https:\/\/view.officeapps.live.com\/op\/view.aspx?src=https%3A%2F%2Fescoladigital.madeira.gov.pt%2Fescondestavel%2Fescondestavel%2Fshared-files%2F406%2F%3FPLANO-TIC-25-26-Santo-Condestavel-1.docx\" target=\"_blank\" class=\"shared-files-preview-button\">Visualiza\u00e7\u00e3o<\/a><span class=\"shared-file-date\">Dezembro 1, 2025<\/span><div class=\"shared-files-download-counter\"><span>Downloads: 94<\/span><\/div><div class=\"shared-files-download-button-container\"><a href=\"\/escondestavel\/escondestavel\/shared-files\/406\/?PLANO-TIC-25-26-Santo-Condestavel-1.docx&download=1\" class=\"shared-files-download-button\"  download>Download<\/a><\/div><div class=\"shared-files-edit-actions\"><\/div><\/div><\/div><\/li><\/ul><\/div><\/div>\n\n\n<div class=\"shared-files-embed-69ebe2786129d shared-files-main-container\" data-elem-class=\"shared-files-embed-69ebe2786129d\" data-search-type=\"0\" data-post-id=\"406\"><div class=\"shared-files-search\"><ul class=\"shared-files-main-file-list\"><li class=\"shared-files-card-606\"><div class=\"shared-files-main-elements\"><div class=\"shared-files-main-elements-left\" style=\"background-image: url(https:\/\/escoladigital.madeira.gov.pt\/escondestavel\/wp-content\/plugins\/shared-files\/img\/2020\/doc.svg);\"><\/div><div class=\"shared-files-main-elements-right\"><a class=\"shared-files-file-title\"  data-file-type=\"\"  data-file-url=\"\/escondestavel\/escondestavel\/shared-files\/606\/?Plano-de-Emergencia-escola.docx\"  data-external-url=\"\"  data-image-url=\"\" href=\"\/escondestavel\/escondestavel\/shared-files\/606\/?Plano-de-Emergencia-escola.docx\" target=\"_blank\">Plano de Emerg\u00eancia da Escola<\/a><span class=\"shared-file-size\">492.46 KB<\/span><a href=\"https:\/\/view.officeapps.live.com\/op\/view.aspx?src=https%3A%2F%2Fescoladigital.madeira.gov.pt%2Fescondestavel%2Fescondestavel%2Fshared-files%2F606%2F%3FPlano-de-Emergencia-escola.docx\" target=\"_blank\" class=\"shared-files-preview-button\">Visualiza\u00e7\u00e3o<\/a><span class=\"shared-file-date\">Dezembro 9, 2025<\/span><div class=\"shared-files-download-counter\"><span>Downloads: 119<\/span><\/div><div class=\"shared-files-download-button-container\"><a href=\"\/escondestavel\/escondestavel\/shared-files\/606\/?Plano-de-Emergencia-escola.docx&download=1\" class=\"shared-files-download-button\"  download>Download<\/a><\/div><div class=\"shared-files-edit-actions\"><\/div><\/div><\/div><\/li><\/ul><\/div><\/div>\n","protected":false},"excerpt":{"rendered":"","protected":false},"author":102,"featured_media":0,"parent":0,"menu_order":0,"comment_status":"closed","ping_status":"closed","template":"","meta":{"site-sidebar-layout":"no-sidebar","site-content-layout":"","ast-site-content-layout":"full-width-container","site-content-style":"default","site-sidebar-style":"default","ast-global-header-display":"","ast-banner-title-visibility":"","ast-main-header-display":"","ast-hfb-above-header-display":"","ast-hfb-below-header-display":"","ast-hfb-mobile-header-display":"","site-post-title":"","ast-breadcrumbs-content":"","ast-featured-img":"disabled","footer-sml-layout":"","ast-disable-related-posts":"","theme-transparent-header-meta":"","adv-header-id-meta":"","stick-header-meta":"","header-above-stick-meta":"","header-main-stick-meta":"","header-below-stick-meta":"","astra-migrate-meta-layouts":"default","ast-page-background-enabled":"default","ast-page-background-meta":{"desktop":{"background-color":"var(--ast-global-color-5)","background-image":"","background-repeat":"repeat","background-position":"center center","background-size":"auto","background-attachment":"scroll","background-type":"","background-media":"","overlay-type":"","overlay-color":"","overlay-opacity":"","overlay-gradient":""},"tablet":{"background-color":"","background-image":"","background-repeat":"repeat","background-position":"center center","background-size":"auto","background-attachment":"scroll","background-type":"","background-media":"","overlay-type":"","overlay-color":"","overlay-opacity":"","overlay-gradient":""},"mobile":{"background-color":"","background-image":"","background-repeat":"repeat","background-position":"center center","background-size":"auto","background-attachment":"scroll","background-type":"","background-media":"","overlay-type":"","overlay-color":"","overlay-opacity":"","overlay-gradient":""}},"ast-content-background-meta":{"desktop":{"background-color":"var(--ast-global-color-4)","background-image":"","background-repeat":"repeat","background-position":"center center","background-size":"auto","background-attachment":"scroll","background-type":"","background-media":"","overlay-type":"","overlay-color":"","overlay-opacity":"","overlay-gradient":""},"tablet":{"background-color":"var(--ast-global-color-4)","background-image":"","background-repeat":"repeat","background-position":"center center","background-size":"auto","background-attachment":"scroll","background-type":"","background-media":"","overlay-type":"","overlay-color":"","overlay-opacity":"","overlay-gradient":""},"mobile":{"background-color":"var(--ast-global-color-4)","background-image":"","background-repeat":"repeat","background-position":"center center","background-size":"auto","background-attachment":"scroll","background-type":"","background-media":"","overlay-type":"","overlay-color":"","overlay-opacity":"","overlay-gradient":""}},"_themeisle_gutenberg_block_has_review":false,"footnotes":""},"class_list":["post-393","page","type-page","status-publish","hentry"],"_links":{"self":[{"href":"https:\/\/escoladigital.madeira.gov.pt\/escondestavel\/wp-json\/wp\/v2\/pages\/393","targetHints":{"allow":["GET"]}}],"collection":[{"href":"https:\/\/escoladigital.madeira.gov.pt\/escondestavel\/wp-json\/wp\/v2\/pages"}],"about":[{"href":"https:\/\/escoladigital.madeira.gov.pt\/escondestavel\/wp-json\/wp\/v2\/types\/page"}],"author":[{"embeddable":true,"href":"https:\/\/escoladigital.madeira.gov.pt\/escondestavel\/wp-json\/wp\/v2\/users\/102"}],"replies":[{"embeddable":true,"href":"https:\/\/escoladigital.madeira.gov.pt\/escondestavel\/wp-json\/wp\/v2\/comments?post=393"}],"version-history":[{"count":22,"href":"https:\/\/escoladigital.madeira.gov.pt\/escondestavel\/wp-json\/wp\/v2\/pages\/393\/revisions"}],"predecessor-version":[{"id":610,"href":"https:\/\/escoladigital.madeira.gov.pt\/escondestavel\/wp-json\/wp\/v2\/pages\/393\/revisions\/610"}],"wp:attachment":[{"href":"https:\/\/escoladigital.madeira.gov.pt\/escondestavel\/wp-json\/wp\/v2\/media?parent=393"}],"curies":[{"name":"wp","href":"https:\/\/api.w.org\/{rel}","templated":true}]}}