{"id":151,"date":"2024-04-05T10:16:54","date_gmt":"2024-04-05T10:16:54","guid":{"rendered":"https:\/\/escoladigital.madeira.gov.pt\/extsalesgaula\/?page_id=151"},"modified":"2024-06-24T10:45:54","modified_gmt":"2024-06-24T10:45:54","slug":"alunos","status":"publish","type":"page","link":"https:\/\/escoladigital.madeira.gov.pt\/extsalesgaula\/alunos\/","title":{"rendered":"Alunos"},"content":{"rendered":"\n<div class=\"wp-block-group alignfull has-accent-background-color has-background has-global-padding is-layout-constrained wp-container-core-group-is-layout-669513ed wp-block-group-is-layout-constrained\" style=\"margin-top:0;margin-bottom:0;padding-top:var(--wp--preset--spacing--50);padding-right:var(--wp--preset--spacing--50);padding-bottom:var(--wp--preset--spacing--50);padding-left:var(--wp--preset--spacing--50)\">\n<div class=\"wp-block-cover alignfull is-light has-parallax has-custom-content-position is-position-top-center wp-duotone-duotone-5\"><span aria-hidden=\"true\" class=\"wp-block-cover__background has-background-dim-40 has-background-dim\" style=\"background-color:#000000\"><\/span><div class=\"wp-block-cover__image-background wp-image-153 has-parallax\" style=\"background-position:50% 50%;background-image:url(https:\/\/escoladigital.madeira.gov.pt\/extsalesgaula\/wp-content\/uploads\/sites\/30\/2024\/04\/Calendar-Background.jpg)\"><\/div><div class=\"wp-block-cover__inner-container is-layout-flow wp-block-cover-is-layout-flow\">\n<h2 class=\"wp-block-heading alignwide has-white-color has-text-color\" style=\"font-size:clamp(27.894px, 1.743rem + ((1vw - 3.2px) * 2.094), 48px);line-height:1.2\"><strong><em>Calend\u00e1rio Escolar:<\/em><\/strong><br>2023-2024<\/h2>\n\n\n\n<div class=\"wp-block-columns alignwide is-layout-flex wp-container-core-columns-is-layout-28f84493 wp-block-columns-is-layout-flex\">\n<div class=\"wp-block-column is-layout-flow wp-block-column-is-layout-flow\">\n<p class=\"has-text-align-center\"><mark style=\"background-color:#fafafa\" class=\"has-inline-color\"><strong>Educa\u00e7\u00e3o Pr\u00e9-Escolar<\/strong><\/mark><\/p>\n<\/div>\n<\/div>\n\n\n\n<figure class=\"wp-block-image aligncenter size-full is-resized\"><img fetchpriority=\"high\" decoding=\"async\" width=\"709\" height=\"137\" src=\"https:\/\/escoladigital.madeira.gov.pt\/extsalesgaula\/wp-content\/uploads\/sites\/30\/2024\/04\/pre-final.png\" alt=\"\" class=\"wp-image-160\" style=\"width:780px;height:auto\" srcset=\"https:\/\/escoladigital.madeira.gov.pt\/extsalesgaula\/wp-content\/uploads\/sites\/30\/2024\/04\/pre-final.png 709w, https:\/\/escoladigital.madeira.gov.pt\/extsalesgaula\/wp-content\/uploads\/sites\/30\/2024\/04\/pre-final-300x58.png 300w\" sizes=\"(max-width: 709px) 100vw, 709px\" \/><\/figure>\n\n\n\n<p class=\"has-text-align-center\"><strong><mark style=\"background-color:#f9f8f8\" class=\"has-inline-color\">1.\u00ba Ciclo do Ensino B\u00e1sico<\/mark><\/strong><\/p>\n\n\n\n<figure class=\"wp-block-image aligncenter size-large is-resized\"><img decoding=\"async\" width=\"1024\" height=\"318\" src=\"https:\/\/escoladigital.madeira.gov.pt\/extsalesgaula\/wp-content\/uploads\/sites\/30\/2024\/04\/calendario-escolar-23-24-1-1024x318.png\" alt=\"\" class=\"wp-image-158\" style=\"width:780px;height:auto\" srcset=\"https:\/\/escoladigital.madeira.gov.pt\/extsalesgaula\/wp-content\/uploads\/sites\/30\/2024\/04\/calendario-escolar-23-24-1-1024x318.png 1024w, https:\/\/escoladigital.madeira.gov.pt\/extsalesgaula\/wp-content\/uploads\/sites\/30\/2024\/04\/calendario-escolar-23-24-1-300x93.png 300w, https:\/\/escoladigital.madeira.gov.pt\/extsalesgaula\/wp-content\/uploads\/sites\/30\/2024\/04\/calendario-escolar-23-24-1-768x239.png 768w, https:\/\/escoladigital.madeira.gov.pt\/extsalesgaula\/wp-content\/uploads\/sites\/30\/2024\/04\/calendario-escolar-23-24-1-1536x477.png 1536w, https:\/\/escoladigital.madeira.gov.pt\/extsalesgaula\/wp-content\/uploads\/sites\/30\/2024\/04\/calendario-escolar-23-24-1.png 1948w\" sizes=\"(max-width: 1024px) 100vw, 1024px\" \/><\/figure>\n<\/div><\/div>\n\n\n\n<div class=\"wp-block-group alignfull has-base-2-background-color has-background has-global-padding is-layout-constrained wp-container-core-group-is-layout-669513ed wp-block-group-is-layout-constrained\" style=\"margin-top:0;margin-bottom:0;padding-top:var(--wp--preset--spacing--50);padding-right:var(--wp--preset--spacing--50);padding-bottom:var(--wp--preset--spacing--50);padding-left:var(--wp--preset--spacing--50)\">\n<div class=\"wp-block-cover alignfull is-light has-parallax has-custom-content-position is-position-top-center\" style=\"min-height:100vh;aspect-ratio:unset;\"><span aria-hidden=\"true\" class=\"wp-block-cover__background has-background-dim-40 has-background-dim\" style=\"background-color:#000000\"><\/span><div class=\"wp-block-cover__image-background wp-image-156 has-parallax\" style=\"background-position:50% 50%;background-image:url(https:\/\/escoladigital.madeira.gov.pt\/extsalesgaula\/wp-content\/uploads\/sites\/30\/2024\/04\/depositphotos_318075518-stock-photo-the-background-for-your-postcard.webp)\"><\/div><div class=\"wp-block-cover__inner-container is-layout-flow wp-block-cover-is-layout-flow\">\n<h2 class=\"wp-block-heading alignwide has-white-color has-text-color\" style=\"font-size:clamp(27.894px, 1.743rem + ((1vw - 3.2px) * 2.094), 48px);line-height:1.2\"><strong><em>Hor\u00e1rio Escolar:<\/em><\/strong><br>2023 &#8211; 2024<\/h2>\n\n\n\n<figure class=\"wp-block-image aligncenter size-large is-resized\"><img decoding=\"async\" width=\"1024\" height=\"425\" src=\"https:\/\/escoladigital.madeira.gov.pt\/extsalesgaula\/wp-content\/uploads\/sites\/30\/2024\/04\/pre-1-1024x425.png\" alt=\"\" class=\"wp-image-273\" style=\"width:922px;height:auto\" srcset=\"https:\/\/escoladigital.madeira.gov.pt\/extsalesgaula\/wp-content\/uploads\/sites\/30\/2024\/04\/pre-1-1024x425.png 1024w, https:\/\/escoladigital.madeira.gov.pt\/extsalesgaula\/wp-content\/uploads\/sites\/30\/2024\/04\/pre-1-300x124.png 300w, https:\/\/escoladigital.madeira.gov.pt\/extsalesgaula\/wp-content\/uploads\/sites\/30\/2024\/04\/pre-1-768x319.png 768w, https:\/\/escoladigital.madeira.gov.pt\/extsalesgaula\/wp-content\/uploads\/sites\/30\/2024\/04\/pre-1.png 1046w\" sizes=\"(max-width: 1024px) 100vw, 1024px\" \/><\/figure>\n\n\n\n<figure class=\"wp-block-image aligncenter size-large is-resized\"><img loading=\"lazy\" decoding=\"async\" width=\"1024\" height=\"427\" src=\"https:\/\/escoladigital.madeira.gov.pt\/extsalesgaula\/wp-content\/uploads\/sites\/30\/2024\/04\/pre-2-1024x427.png\" alt=\"\" class=\"wp-image-274\" style=\"width:923px;height:auto\" srcset=\"https:\/\/escoladigital.madeira.gov.pt\/extsalesgaula\/wp-content\/uploads\/sites\/30\/2024\/04\/pre-2-1024x427.png 1024w, https:\/\/escoladigital.madeira.gov.pt\/extsalesgaula\/wp-content\/uploads\/sites\/30\/2024\/04\/pre-2-300x125.png 300w, https:\/\/escoladigital.madeira.gov.pt\/extsalesgaula\/wp-content\/uploads\/sites\/30\/2024\/04\/pre-2-768x320.png 768w, https:\/\/escoladigital.madeira.gov.pt\/extsalesgaula\/wp-content\/uploads\/sites\/30\/2024\/04\/pre-2.png 1044w\" sizes=\"(max-width: 1024px) 100vw, 1024px\" \/><\/figure>\n\n\n\n<figure class=\"wp-block-image aligncenter size-large is-resized\"><img loading=\"lazy\" decoding=\"async\" width=\"1024\" height=\"426\" src=\"https:\/\/escoladigital.madeira.gov.pt\/extsalesgaula\/wp-content\/uploads\/sites\/30\/2024\/04\/pre-3-1024x426.png\" alt=\"\" class=\"wp-image-275\" style=\"width:926px;height:auto\" srcset=\"https:\/\/escoladigital.madeira.gov.pt\/extsalesgaula\/wp-content\/uploads\/sites\/30\/2024\/04\/pre-3-1024x426.png 1024w, https:\/\/escoladigital.madeira.gov.pt\/extsalesgaula\/wp-content\/uploads\/sites\/30\/2024\/04\/pre-3-300x125.png 300w, https:\/\/escoladigital.madeira.gov.pt\/extsalesgaula\/wp-content\/uploads\/sites\/30\/2024\/04\/pre-3-768x320.png 768w, https:\/\/escoladigital.madeira.gov.pt\/extsalesgaula\/wp-content\/uploads\/sites\/30\/2024\/04\/pre-3.png 1045w\" sizes=\"(max-width: 1024px) 100vw, 1024px\" \/><\/figure>\n\n\n\n<figure class=\"wp-block-image aligncenter size-full is-resized\"><img loading=\"lazy\" decoding=\"async\" width=\"1015\" height=\"786\" src=\"https:\/\/escoladigital.madeira.gov.pt\/extsalesgaula\/wp-content\/uploads\/sites\/30\/2024\/06\/1-ano.jpg\" alt=\"\" class=\"wp-image-288\" style=\"width:925px;height:auto\" srcset=\"https:\/\/escoladigital.madeira.gov.pt\/extsalesgaula\/wp-content\/uploads\/sites\/30\/2024\/06\/1-ano.jpg 1015w, https:\/\/escoladigital.madeira.gov.pt\/extsalesgaula\/wp-content\/uploads\/sites\/30\/2024\/06\/1-ano-300x232.jpg 300w, https:\/\/escoladigital.madeira.gov.pt\/extsalesgaula\/wp-content\/uploads\/sites\/30\/2024\/06\/1-ano-768x595.jpg 768w\" sizes=\"(max-width: 1015px) 100vw, 1015px\" \/><\/figure>\n\n\n\n<figure class=\"wp-block-image aligncenter size-full is-resized\"><img loading=\"lazy\" decoding=\"async\" width=\"1048\" height=\"787\" src=\"https:\/\/escoladigital.madeira.gov.pt\/extsalesgaula\/wp-content\/uploads\/sites\/30\/2024\/06\/2-ano.jpg\" alt=\"\" class=\"wp-image-289\" style=\"width:926px;height:auto\" srcset=\"https:\/\/escoladigital.madeira.gov.pt\/extsalesgaula\/wp-content\/uploads\/sites\/30\/2024\/06\/2-ano.jpg 1048w, https:\/\/escoladigital.madeira.gov.pt\/extsalesgaula\/wp-content\/uploads\/sites\/30\/2024\/06\/2-ano-300x225.jpg 300w, https:\/\/escoladigital.madeira.gov.pt\/extsalesgaula\/wp-content\/uploads\/sites\/30\/2024\/06\/2-ano-1024x769.jpg 1024w, https:\/\/escoladigital.madeira.gov.pt\/extsalesgaula\/wp-content\/uploads\/sites\/30\/2024\/06\/2-ano-768x577.jpg 768w\" sizes=\"(max-width: 1048px) 100vw, 1048px\" \/><\/figure>\n\n\n\n<figure class=\"wp-block-image aligncenter size-full is-resized\"><img loading=\"lazy\" decoding=\"async\" width=\"1025\" height=\"787\" src=\"https:\/\/escoladigital.madeira.gov.pt\/extsalesgaula\/wp-content\/uploads\/sites\/30\/2024\/06\/3-a-ano.jpg\" alt=\"\" class=\"wp-image-290\" style=\"width:928px;height:auto\" srcset=\"https:\/\/escoladigital.madeira.gov.pt\/extsalesgaula\/wp-content\/uploads\/sites\/30\/2024\/06\/3-a-ano.jpg 1025w, https:\/\/escoladigital.madeira.gov.pt\/extsalesgaula\/wp-content\/uploads\/sites\/30\/2024\/06\/3-a-ano-300x230.jpg 300w, https:\/\/escoladigital.madeira.gov.pt\/extsalesgaula\/wp-content\/uploads\/sites\/30\/2024\/06\/3-a-ano-768x590.jpg 768w\" sizes=\"(max-width: 1025px) 100vw, 1025px\" \/><\/figure>\n\n\n\n<figure class=\"wp-block-image aligncenter size-full is-resized\"><img loading=\"lazy\" decoding=\"async\" width=\"1048\" height=\"787\" src=\"https:\/\/escoladigital.madeira.gov.pt\/extsalesgaula\/wp-content\/uploads\/sites\/30\/2024\/06\/3-b-ano.jpg\" alt=\"\" class=\"wp-image-291\" style=\"width:931px;height:auto\" srcset=\"https:\/\/escoladigital.madeira.gov.pt\/extsalesgaula\/wp-content\/uploads\/sites\/30\/2024\/06\/3-b-ano.jpg 1048w, https:\/\/escoladigital.madeira.gov.pt\/extsalesgaula\/wp-content\/uploads\/sites\/30\/2024\/06\/3-b-ano-300x225.jpg 300w, https:\/\/escoladigital.madeira.gov.pt\/extsalesgaula\/wp-content\/uploads\/sites\/30\/2024\/06\/3-b-ano-1024x769.jpg 1024w, https:\/\/escoladigital.madeira.gov.pt\/extsalesgaula\/wp-content\/uploads\/sites\/30\/2024\/06\/3-b-ano-768x577.jpg 768w\" sizes=\"(max-width: 1048px) 100vw, 1048px\" \/><\/figure>\n\n\n\n<figure class=\"wp-block-image aligncenter size-full is-resized\"><img loading=\"lazy\" decoding=\"async\" width=\"1048\" height=\"788\" src=\"https:\/\/escoladigital.madeira.gov.pt\/extsalesgaula\/wp-content\/uploads\/sites\/30\/2024\/06\/4-ano.jpg\" alt=\"\" class=\"wp-image-292\" style=\"width:935px;height:auto\" srcset=\"https:\/\/escoladigital.madeira.gov.pt\/extsalesgaula\/wp-content\/uploads\/sites\/30\/2024\/06\/4-ano.jpg 1048w, https:\/\/escoladigital.madeira.gov.pt\/extsalesgaula\/wp-content\/uploads\/sites\/30\/2024\/06\/4-ano-300x226.jpg 300w, https:\/\/escoladigital.madeira.gov.pt\/extsalesgaula\/wp-content\/uploads\/sites\/30\/2024\/06\/4-ano-1024x770.jpg 1024w, https:\/\/escoladigital.madeira.gov.pt\/extsalesgaula\/wp-content\/uploads\/sites\/30\/2024\/06\/4-ano-768x577.jpg 768w\" sizes=\"(max-width: 1048px) 100vw, 1048px\" \/><\/figure>\n<\/div><\/div>\n<\/div>\n\n\n\n<div class=\"wp-block-cover alignfull is-light has-parallax has-custom-content-position is-position-top-center wp-duotone-duotone-5\" style=\"min-height:438px;aspect-ratio:unset;\"><span aria-hidden=\"true\" class=\"wp-block-cover__background has-background-dim-40 has-background-dim\" style=\"background-color:#000000\"><\/span><div class=\"wp-block-cover__image-background wp-image-164 has-parallax\" style=\"background-position:50% 50%;background-image:url(https:\/\/escoladigital.madeira.gov.pt\/extsalesgaula\/wp-content\/uploads\/sites\/30\/2024\/04\/quadro-1.jpg)\"><\/div><div class=\"wp-block-cover__inner-container is-layout-flow wp-block-cover-is-layout-flow\">\n<h2 class=\"wp-block-heading alignwide has-white-color has-text-color\" style=\"font-size:clamp(27.894px, 1.743rem + ((1vw - 3.2px) * 2.094), 48px);line-height:1.2\"><strong><em>Provas <\/em>de Aferi\u00e7\u00e3o:<\/strong><br>2023 &#8211; 2024<\/h2>\n\n\n\n<figure class=\"wp-block-image aligncenter size-full\"><img loading=\"lazy\" decoding=\"async\" width=\"775\" height=\"269\" src=\"https:\/\/escoladigital.madeira.gov.pt\/extsalesgaula\/wp-content\/uploads\/sites\/30\/2024\/04\/provas-de-afericao.png\" alt=\"\" class=\"wp-image-165\" srcset=\"https:\/\/escoladigital.madeira.gov.pt\/extsalesgaula\/wp-content\/uploads\/sites\/30\/2024\/04\/provas-de-afericao.png 775w, https:\/\/escoladigital.madeira.gov.pt\/extsalesgaula\/wp-content\/uploads\/sites\/30\/2024\/04\/provas-de-afericao-300x104.png 300w, https:\/\/escoladigital.madeira.gov.pt\/extsalesgaula\/wp-content\/uploads\/sites\/30\/2024\/04\/provas-de-afericao-768x267.png 768w\" sizes=\"(max-width: 775px) 100vw, 775px\" \/><\/figure>\n<\/div><\/div>\n<\/div>\n\n\n\n<div class=\"wp-block-group alignfull has-global-padding is-layout-constrained wp-container-core-group-is-layout-d89aad35 wp-block-group-is-layout-constrained\" style=\"margin-top:0;margin-bottom:0;padding-top:var(--wp--preset--spacing--50);padding-right:var(--wp--preset--spacing--50);padding-bottom:var(--wp--preset--spacing--50);padding-left:var(--wp--preset--spacing--50)\">\n<div class=\"wp-block-group alignwide has-base-2-background-color has-background has-global-padding is-layout-constrained wp-container-core-group-is-layout-39412042 wp-block-group-is-layout-constrained\" style=\"border-radius:16px;padding-top:var(--wp--preset--spacing--40);padding-right:var(--wp--preset--spacing--50);padding-bottom:var(--wp--preset--spacing--40);padding-left:var(--wp--preset--spacing--50)\">\n<div style=\"height:var(--wp--preset--spacing--10)\" aria-hidden=\"true\" class=\"wp-block-spacer\"><\/div>\n\n\n\n<h2 class=\"wp-block-heading has-text-align-center has-x-large-font-size\">Outras informa\u00e7\u00f5es:<\/h2>\n\n\n\n<div style=\"height:16px\" aria-hidden=\"true\" class=\"wp-block-spacer\"><\/div>\n\n\n\n<div class=\"wp-block-columns is-layout-flex wp-container-core-columns-is-layout-28f84493 wp-block-columns-is-layout-flex\">\n<div class=\"wp-block-column is-layout-flow wp-block-column-is-layout-flow\">\n<p><strong>Sites de interesse:<\/strong><\/p>\n\n\n\n<ul class=\"wp-block-list\">\n<li><a href=\"https:\/\/soeurs-de-la-presentation-de-marie.org\/pom\/pt\/pagina-principal\/\">Site Internacional da Congrega\u00e7\u00e3o Apresenta\u00e7\u00e3o de Maria <\/a><\/li>\n<\/ul>\n\n\n\n<ul class=\"wp-block-list\">\n<li><a href=\"http:\/\/presentationdemarie.org\/\">Irm\u00e3s da Apresenta\u00e7\u00e3o de Maria da Fran\u00e7a<\/a><\/li>\n<\/ul>\n\n\n\n<ul class=\"wp-block-list\">\n<li><a href=\"https:\/\/www.vaticannews.va\/pt.html\">Not\u00edcias do Vaticano<\/a><\/li>\n<\/ul>\n<\/div>\n\n\n\n<div class=\"wp-block-column is-layout-flow wp-block-column-is-layout-flow\">\n<p><strong>Hor\u00e1rio:<\/strong><\/p>\n\n\n\n<p><strong>Escola 2.\u00aa a 6\u00aa feira: <\/strong><\/p>\n\n\n\n<p>8:15 &#8211; 18:15<\/p>\n\n\n\n<p><strong>Secretaria 2.\u00aa a 6.\u00aa feira: <\/strong><\/p>\n\n\n\n<p>8:30 &#8211; 10:30 14:30 &#8211; 16:30<\/p>\n<\/div>\n<\/div>\n<\/div>\n<\/div>\n","protected":false},"excerpt":{"rendered":"<p>Outras informa\u00e7\u00f5es: Sites de interesse: Hor\u00e1rio: Escola 2.\u00aa a 6\u00aa feira: 8:15 &#8211; 18:15 Secretaria 2.\u00aa a 6.\u00aa feira: 8:30 &#8211; 10:30 14:30 &#8211; 16:30<\/p>\n","protected":false},"author":41,"featured_media":0,"parent":0,"menu_order":0,"comment_status":"closed","ping_status":"closed","template":"","meta":{"_themeisle_gutenberg_block_has_review":false,"footnotes":""},"class_list":["post-151","page","type-page","status-publish","hentry"],"_links":{"self":[{"href":"https:\/\/escoladigital.madeira.gov.pt\/extsalesgaula\/wp-json\/wp\/v2\/pages\/151","targetHints":{"allow":["GET"]}}],"collection":[{"href":"https:\/\/escoladigital.madeira.gov.pt\/extsalesgaula\/wp-json\/wp\/v2\/pages"}],"about":[{"href":"https:\/\/escoladigital.madeira.gov.pt\/extsalesgaula\/wp-json\/wp\/v2\/types\/page"}],"author":[{"embeddable":true,"href":"https:\/\/escoladigital.madeira.gov.pt\/extsalesgaula\/wp-json\/wp\/v2\/users\/41"}],"replies":[{"embeddable":true,"href":"https:\/\/escoladigital.madeira.gov.pt\/extsalesgaula\/wp-json\/wp\/v2\/comments?post=151"}],"version-history":[{"count":10,"href":"https:\/\/escoladigital.madeira.gov.pt\/extsalesgaula\/wp-json\/wp\/v2\/pages\/151\/revisions"}],"predecessor-version":[{"id":293,"href":"https:\/\/escoladigital.madeira.gov.pt\/extsalesgaula\/wp-json\/wp\/v2\/pages\/151\/revisions\/293"}],"wp:attachment":[{"href":"https:\/\/escoladigital.madeira.gov.pt\/extsalesgaula\/wp-json\/wp\/v2\/media?parent=151"}],"curies":[{"name":"wp","href":"https:\/\/api.w.org\/{rel}","templated":true}]}}