{"id":2,"date":"2024-02-26T10:55:51","date_gmt":"2024-02-26T10:55:51","guid":{"rendered":"https:\/\/escoladigital.madeira.gov.pt\/extsalesgaula\/?page_id=2"},"modified":"2024-04-23T08:02:08","modified_gmt":"2024-04-23T08:02:08","slug":"sample-page","status":"publish","type":"page","link":"https:\/\/escoladigital.madeira.gov.pt\/extsalesgaula\/sample-page\/","title":{"rendered":"Sobre N\u00f3s"},"content":{"rendered":"\n<div class=\"wp-block-group alignwide is-vertical is-content-justification-left is-layout-flex wp-container-core-group-is-layout-8a4800b9 wp-block-group-is-layout-flex\" style=\"margin-top:0;margin-bottom:0;padding-top:var(--wp--preset--spacing--50);padding-right:var(--wp--preset--spacing--50);padding-bottom:var(--wp--preset--spacing--50);padding-left:var(--wp--preset--spacing--50)\">\n<h2 class=\"wp-block-heading\"><strong>Hist\u00f3ria<\/strong><\/h2>\n\n\n\n<div class=\"wp-block-columns alignwide is-layout-flex wp-container-core-columns-is-layout-47c06fe3 wp-block-columns-is-layout-flex\">\n<div class=\"wp-block-column is-layout-flow wp-block-column-is-layout-flow\" style=\"flex-basis:50%\">\n<p>A Escola B\u00e1sica do 1.\u00ba Ciclo integrada com o Pr\u00e9-Escolar \u00e9 uma Institui\u00e7\u00e3o Particular Cat\u00f3lica dos Centros Educativos da Apresenta\u00e7\u00e3o de Maria &#8211; Externato S\u00e3o Francisco de Sales, possuindo o Alvar\u00e1 n.\u00ba 745, emitido pelo Minist\u00e9rio da Educa\u00e7\u00e3o em 16 de fevereiro de 1943. Esta escola situa-se na Freguesia de Gaula, Concelho de Santa Cruz, servindo a popula\u00e7\u00e3o a tempo inteiro.<\/p>\n\n\n\n<p>O Externato S\u00e3o Francisco de Sales &#8211; Gaula funcionou em tempos como pequena escola, tendo como propriet\u00e1ria uma professora conhecida por <em>Senhora Mestra<\/em>. Em 1928, a escola encontrava-se encerrada uma vez que a sua propriet\u00e1ria se encontrava muito doente, altura em que o reverendo Padre Jo\u00e3o Bettencourt, P\u00e1roco da freguesia de Gaula, havia j\u00e1 manifestado ao Bispo da Diocese do Funchal, D. Ant\u00f3nio Ribeiro, o desejo de entregar a escola a uma congrega\u00e7\u00e3o religiosa. Assim sendo, D. Ant\u00f3nio comunicou \u00e0 Irm\u00e3 Trindade, fundadora da Congrega\u00e7\u00e3o da Apresenta\u00e7\u00e3o de Maria na Regi\u00e3o Aut\u00f3noma da Madeira (RAM), o desejo do Reverendo Padre Jo\u00e3o Bettencourt, que era, por sua vez, uma das grandes aspira\u00e7\u00f5es da Irm\u00e3 Trindade, ter uma casa de Irm\u00e3s no campo.<\/p>\n<\/div>\n\n\n\n<div class=\"wp-block-column is-vertically-aligned-top is-layout-flow wp-block-column-is-layout-flow\" style=\"flex-basis:50%\">\n<figure class=\"wp-block-image size-full is-resized is-style-rounded wp-duotone-duotone-1 is-style-rounded--1\"><img fetchpriority=\"high\" decoding=\"async\" width=\"2560\" height=\"1440\" src=\"https:\/\/escoladigital.madeira.gov.pt\/extsalesgaula\/wp-content\/uploads\/sites\/30\/2024\/04\/IMG-20240325-WA0042-1-scaled.jpg\" alt=\"\" class=\"wp-image-110\" style=\"aspect-ratio:1.3333333333333333;object-fit:cover;width:470px;height:auto\" srcset=\"https:\/\/escoladigital.madeira.gov.pt\/extsalesgaula\/wp-content\/uploads\/sites\/30\/2024\/04\/IMG-20240325-WA0042-1-scaled.jpg 2560w, https:\/\/escoladigital.madeira.gov.pt\/extsalesgaula\/wp-content\/uploads\/sites\/30\/2024\/04\/IMG-20240325-WA0042-1-300x169.jpg 300w, https:\/\/escoladigital.madeira.gov.pt\/extsalesgaula\/wp-content\/uploads\/sites\/30\/2024\/04\/IMG-20240325-WA0042-1-1024x576.jpg 1024w, https:\/\/escoladigital.madeira.gov.pt\/extsalesgaula\/wp-content\/uploads\/sites\/30\/2024\/04\/IMG-20240325-WA0042-1-768x432.jpg 768w, https:\/\/escoladigital.madeira.gov.pt\/extsalesgaula\/wp-content\/uploads\/sites\/30\/2024\/04\/IMG-20240325-WA0042-1-1536x864.jpg 1536w, https:\/\/escoladigital.madeira.gov.pt\/extsalesgaula\/wp-content\/uploads\/sites\/30\/2024\/04\/IMG-20240325-WA0042-1-2048x1152.jpg 2048w\" sizes=\"(max-width: 2560px) 100vw, 2560px\" \/><\/figure>\n<\/div>\n<\/div>\n\n\n\n<div class=\"wp-block-columns alignwide is-layout-flex wp-container-core-columns-is-layout-28f84493 wp-block-columns-is-layout-flex\">\n<div class=\"wp-block-column is-layout-flow wp-block-column-is-layout-flow\" style=\"flex-basis:100%\">\n<p>A 29 de setembro de 1928 as Irm\u00e3s da Congrega\u00e7\u00e3o da Apresenta\u00e7\u00e3o de Maria tomaram posse da obra e assumiram o compromisso da escola. Esta foi beneficiada pela Diocese do Funchal, com o nome de Obra de S\u00e3o Francisco de Sales, que naquela \u00e9poca apoiou muitos outros Estabelecimentos de Ensino na Regi\u00e3o. A escola era um local envolvido por espa\u00e7os verdes e um ambiente calmo, dando a sensa\u00e7\u00e3o de se estar num espa\u00e7o familiar. O recreio era constitu\u00eddo por duas \u00e1reas distintas: dois campos para jogos e dois espa\u00e7os cobertos com bancos fixos \u00e0 parede, para proporcionar, ao mesmo tempo, descanso e seguran\u00e7a aos alunos.<\/p>\n\n\n\n<p>Com o evoluir dos tempos, a escola sentiu indig\u00eancia de dar resposta \u00e0s necessidades da popula\u00e7\u00e3o, fazendo parte de uma rede de escolas a tempo inteiro. No ano 2002, a escola sofreu obras de amplia\u00e7\u00e3o e melhoramentos internos e externos. Foi constru\u00edda, ent\u00e3o, uma nova estrutura, capaz de suportar o atual esquema de trabalho: Escola a Tempo Inteiro (ETI), altura em que come\u00e7ou a funcionar, a val\u00eancia do Pr\u00e9-Escolar.<\/p>\n<\/div>\n<\/div>\n\n\n\n<div class=\"wp-block-columns is-layout-flex wp-container-core-columns-is-layout-28f84493 wp-block-columns-is-layout-flex\">\n<div class=\"wp-block-column is-layout-flow wp-block-column-is-layout-flow\" style=\"flex-basis:100%\">\n<div class=\"wp-block-group alignfull has-accent-5-background-color has-background has-global-padding is-layout-constrained wp-container-core-group-is-layout-d89aad35 wp-block-group-is-layout-constrained\" style=\"margin-top:0;margin-bottom:0;padding-top:var(--wp--preset--spacing--50);padding-right:var(--wp--preset--spacing--50);padding-bottom:var(--wp--preset--spacing--50);padding-left:var(--wp--preset--spacing--50)\">\n<div class=\"wp-block-columns alignwide are-vertically-aligned-top is-layout-flex wp-container-core-columns-is-layout-1da03c2a wp-block-columns-is-layout-flex\">\n<div class=\"wp-block-column is-vertically-aligned-top is-layout-flow wp-block-column-is-layout-flow\" style=\"flex-basis:60%\">\n<figure class=\"wp-block-image size-full is-resized is-style-rounded wp-duotone-duotone-1 is-style-rounded--2\"><img decoding=\"async\" width=\"840\" height=\"1024\" src=\"https:\/\/escoladigital.madeira.gov.pt\/extsalesgaula\/wp-content\/uploads\/sites\/30\/2024\/04\/Maria-Rivier.png\" alt=\"\" class=\"wp-image-262\" style=\"aspect-ratio:1.3333333333333333;object-fit:cover;width:469px;height:auto\" srcset=\"https:\/\/escoladigital.madeira.gov.pt\/extsalesgaula\/wp-content\/uploads\/sites\/30\/2024\/04\/Maria-Rivier.png 840w, https:\/\/escoladigital.madeira.gov.pt\/extsalesgaula\/wp-content\/uploads\/sites\/30\/2024\/04\/Maria-Rivier-246x300.png 246w, https:\/\/escoladigital.madeira.gov.pt\/extsalesgaula\/wp-content\/uploads\/sites\/30\/2024\/04\/Maria-Rivier-768x936.png 768w\" sizes=\"(max-width: 840px) 100vw, 840px\" \/><\/figure>\n<\/div>\n\n\n\n<div class=\"wp-block-column is-vertically-aligned-top is-layout-flow wp-block-column-is-layout-flow\" style=\"flex-basis:40%\">\n<h2 class=\"wp-block-heading\"><strong>Idi\u00e1rio<\/strong><\/h2>\n\n\n\n<p class=\"has-text-align-left\">O Externato S\u00e3o Francisco de Sales &#8211; Gaula tem como MISS\u00c3O comum a <strong>forma\u00e7\u00e3o integral<\/strong> <strong>humana, crist\u00e3, espiritual, cultural e social<\/strong> das crian\u00e7as, adolescentes e jovens adultos que lhe s\u00e3o confiados. <\/p>\n\n\n\n<p>Em colabora\u00e7\u00e3o com os pais, todo o pessoal das nossas Escolas e Centros educativos procura dar aos jovens uma educa\u00e7\u00e3o para a vida: <strong>educa\u00e7\u00e3o que seja an\u00fancio de Jesus Cristo pela promo\u00e7\u00e3o de<\/strong> <strong>valores evang\u00e9licos em fidelidade ao esp\u00edrito de<\/strong> <strong>Maria Rivier<\/strong>. <\/p>\n\n\n\n<p>No respeito pelas diferentes culturas, os educadores e educadoras fazem de modo a que estes valores sejam transmitidos n\u00e3o como meio de poder e de prest\u00edgio mas antes de escuta e de comunh\u00e3o. <\/p>\n\n\n\n<p>Assim ajudados, os jovens da nossa &#8220;Rede de Educa\u00e7\u00e3o&#8221; preparam-se para cumprir um servi\u00e7o respons\u00e1vel na sociedade e na igreja. <\/p>\n<\/div>\n<\/div>\n\n\n\n<hr class=\"wp-block-separator has-css-opacity is-style-default\" \/>\n\n\n\n<blockquote class=\"wp-block-quote has-text-align-center is-style-large is-layout-flow wp-block-quote-is-layout-flow\">\n<p>&#8220;Ponhamo-nos juntas e fa\u00e7amos escola.&#8221;<\/p>\n<cite>\u2014 Santa Maria Rivier<\/cite><\/blockquote>\n\n\n\n<hr class=\"wp-block-separator has-css-opacity is-style-default\" \/>\n<\/div>\n<\/div>\n<\/div>\n\n\n\n<div class=\"wp-block-group alignfull has-global-padding is-layout-constrained wp-container-core-group-is-layout-d89aad35 wp-block-group-is-layout-constrained\" style=\"margin-top:0;margin-bottom:0;padding-top:var(--wp--preset--spacing--50);padding-right:var(--wp--preset--spacing--50);padding-bottom:var(--wp--preset--spacing--50);padding-left:var(--wp--preset--spacing--50)\">\n<div class=\"wp-block-columns alignwide is-layout-flex wp-container-core-columns-is-layout-47c06fe3 wp-block-columns-is-layout-flex\">\n<div class=\"wp-block-column is-vertically-aligned-center is-layout-flow wp-block-column-is-layout-flow\" style=\"flex-basis:50%\">\n<h2 class=\"wp-block-heading\"><strong>Valores<\/strong><\/h2>\n\n\n\n<ul style=\"line-height:1.75\" class=\"is-style-checkmark-list wp-block-list\">\n<li>Educa\u00e7\u00e3o Crist\u00e3;<\/li>\n\n\n\n<li>Compaix\u00e3o;<\/li>\n\n\n\n<li>Excel\u00eancia e exig\u00eancia;<\/li>\n\n\n\n<li>Responsabilidade e profissionalismo;<\/li>\n\n\n\n<li>Respeito pelo outro e toler\u00e2ncia;<\/li>\n\n\n\n<li>Inova\u00e7\u00e3o;<\/li>\n\n\n\n<li>Relacionamento; <\/li>\n\n\n\n<li>Solidariedade; <\/li>\n\n\n\n<li>Cidadania e participa\u00e7\u00e3o;<\/li>\n\n\n\n<li>Empenho; <\/li>\n\n\n\n<li>Compreens\u00e3o e reflex\u00e3o;<\/li>\n\n\n\n<li>Esp\u00edrito de equipa e coopera\u00e7\u00e3o. <\/li>\n<\/ul>\n<\/div>\n\n\n\n<div class=\"wp-block-column is-vertically-aligned-top is-layout-flow wp-block-column-is-layout-flow\" style=\"flex-basis:50%\">\n<figure class=\"wp-block-image size-full is-style-rounded wp-duotone-duotone-1 is-style-rounded--3\"><img decoding=\"async\" width=\"1440\" height=\"2560\" src=\"https:\/\/escoladigital.madeira.gov.pt\/extsalesgaula\/wp-content\/uploads\/sites\/30\/2024\/04\/IMG-20240325-WA0074-scaled.jpg\" alt=\"\" class=\"wp-image-116\" style=\"aspect-ratio:4\/3;object-fit:cover\" srcset=\"https:\/\/escoladigital.madeira.gov.pt\/extsalesgaula\/wp-content\/uploads\/sites\/30\/2024\/04\/IMG-20240325-WA0074-scaled.jpg 1440w, https:\/\/escoladigital.madeira.gov.pt\/extsalesgaula\/wp-content\/uploads\/sites\/30\/2024\/04\/IMG-20240325-WA0074-169x300.jpg 169w, https:\/\/escoladigital.madeira.gov.pt\/extsalesgaula\/wp-content\/uploads\/sites\/30\/2024\/04\/IMG-20240325-WA0074-576x1024.jpg 576w, https:\/\/escoladigital.madeira.gov.pt\/extsalesgaula\/wp-content\/uploads\/sites\/30\/2024\/04\/IMG-20240325-WA0074-768x1365.jpg 768w, https:\/\/escoladigital.madeira.gov.pt\/extsalesgaula\/wp-content\/uploads\/sites\/30\/2024\/04\/IMG-20240325-WA0074-864x1536.jpg 864w, https:\/\/escoladigital.madeira.gov.pt\/extsalesgaula\/wp-content\/uploads\/sites\/30\/2024\/04\/IMG-20240325-WA0074-1152x2048.jpg 1152w\" sizes=\"(max-width: 1440px) 100vw, 1440px\" \/><\/figure>\n<\/div>\n<\/div>\n<\/div>\n\n\n\n<div class=\"wp-block-group alignfull has-global-padding is-layout-constrained wp-container-core-group-is-layout-490fa1db wp-block-group-is-layout-constrained\" style=\"padding-top:var(--wp--preset--spacing--50);padding-right:var(--wp--preset--spacing--50);padding-bottom:var(--wp--preset--spacing--50);padding-left:var(--wp--preset--spacing--50)\">\n<div class=\"wp-block-group has-global-padding is-layout-constrained wp-container-core-group-is-layout-650790e1 wp-block-group-is-layout-constrained\">\n<h2 class=\"wp-block-heading has-text-align-center has-x-large-font-size\"><strong>Instala\u00e7\u00f5es<\/strong><\/h2>\n<\/div>\n\n\n\n<figure class=\"wp-block-image alignwide size-full is-style-rounded is-style-rounded--4\"><img loading=\"lazy\" decoding=\"async\" width=\"2373\" height=\"3834\" src=\"https:\/\/escoladigital.madeira.gov.pt\/extsalesgaula\/wp-content\/uploads\/sites\/30\/2024\/04\/Imagem9.png\" alt=\"\" class=\"wp-image-267\" srcset=\"https:\/\/escoladigital.madeira.gov.pt\/extsalesgaula\/wp-content\/uploads\/sites\/30\/2024\/04\/Imagem9.png 2373w, https:\/\/escoladigital.madeira.gov.pt\/extsalesgaula\/wp-content\/uploads\/sites\/30\/2024\/04\/Imagem9-186x300.png 186w, https:\/\/escoladigital.madeira.gov.pt\/extsalesgaula\/wp-content\/uploads\/sites\/30\/2024\/04\/Imagem9-634x1024.png 634w, https:\/\/escoladigital.madeira.gov.pt\/extsalesgaula\/wp-content\/uploads\/sites\/30\/2024\/04\/Imagem9-768x1241.png 768w, https:\/\/escoladigital.madeira.gov.pt\/extsalesgaula\/wp-content\/uploads\/sites\/30\/2024\/04\/Imagem9-951x1536.png 951w, https:\/\/escoladigital.madeira.gov.pt\/extsalesgaula\/wp-content\/uploads\/sites\/30\/2024\/04\/Imagem9-1268x2048.png 1268w\" sizes=\"(max-width: 2373px) 100vw, 2373px\" \/><\/figure>\n<\/div>\n\n\n\n<div class=\"wp-block-group alignfull has-global-padding is-layout-constrained wp-container-core-group-is-layout-d89aad35 wp-block-group-is-layout-constrained\" style=\"margin-top:0;margin-bottom:0;padding-top:var(--wp--preset--spacing--50);padding-right:var(--wp--preset--spacing--50);padding-bottom:var(--wp--preset--spacing--50);padding-left:var(--wp--preset--spacing--50)\">\n<div class=\"wp-block-group alignwide has-base-2-background-color has-background has-global-padding is-layout-constrained wp-container-core-group-is-layout-39412042 wp-block-group-is-layout-constrained\" style=\"border-radius:16px;padding-top:var(--wp--preset--spacing--40);padding-right:var(--wp--preset--spacing--50);padding-bottom:var(--wp--preset--spacing--40);padding-left:var(--wp--preset--spacing--50)\">\n<div style=\"height:var(--wp--preset--spacing--10)\" aria-hidden=\"true\" class=\"wp-block-spacer\"><\/div>\n\n\n\n<h2 class=\"wp-block-heading has-text-align-center has-x-large-font-size\"><strong>Oferta Formativa<\/strong><\/h2>\n\n\n\n<div class=\"wp-block-buttons is-content-justification-center is-layout-flex wp-container-core-buttons-is-layout-a89b3969 wp-block-buttons-is-layout-flex\">\n<div class=\"wp-block-button is-style-outline is-style-outline--5\"><a class=\"wp-block-button__link wp-element-button\"><strong>Pr\u00e9-Escolar<\/strong><\/a><\/div>\n\n\n\n<div class=\"wp-block-button is-style-outline is-style-outline--6\"><a class=\"wp-block-button__link wp-element-button\"><strong>1.\u00ba Ciclo<\/strong><\/a><\/div>\n<\/div>\n<\/div>\n\n\n\n<div id=\"wp-block-themeisle-blocks-advanced-columns-784450ff\" class=\"wp-block-themeisle-blocks-advanced-columns alignfull has-1-columns has-desktop-equal-layout has-tablet-equal-layout has-mobile-collapsedRows-layout has-vertical-center ticss-c00aadba\"><div class=\"wp-block-themeisle-blocks-advanced-columns-overlay\"><\/div><div class=\"innerblocks-wrap\">\n<div id=\"wp-block-themeisle-blocks-advanced-column-d0fbfc0a\" class=\"wp-block-themeisle-blocks-advanced-column\">\n<div id=\"wp-block-themeisle-blocks-advanced-columns-f32a2609\" class=\"wp-block-themeisle-blocks-advanced-columns has-1-columns has-desktop-equal-layout has-tablet-equal-layout has-mobile-equal-layout has-vertical-center\"><div class=\"wp-block-themeisle-blocks-advanced-columns-overlay\"><\/div><div class=\"innerblocks-wrap\">\n<div id=\"wp-block-themeisle-blocks-advanced-column-3567d86b\" class=\"wp-block-themeisle-blocks-advanced-column\">\n<h2 id=\"wp-block-themeisle-blocks-advanced-heading-d5f71f32\" class=\"wp-block-themeisle-blocks-advanced-heading wp-block-themeisle-blocks-advanced-heading-d5f71f32\"><strong>Documentos Orientadores<\/strong><\/h2>\n<\/div>\n<\/div><\/div>\n\n\n\n<div id=\"wp-block-themeisle-blocks-advanced-columns-8085ff1f\" class=\"wp-block-themeisle-blocks-advanced-columns has-4-columns has-desktop-equal-layout has-tablet-equal-layout has-mobile-collapsedRows-layout has-vertical-top\"><div class=\"wp-block-themeisle-blocks-advanced-columns-overlay\"><\/div><div class=\"innerblocks-wrap\">\n<div id=\"wp-block-themeisle-blocks-advanced-column-dfb15c39\" class=\"wp-block-themeisle-blocks-advanced-column\">\n<h3 id=\"wp-block-themeisle-blocks-advanced-heading-bdb840e0\" class=\"wp-block-themeisle-blocks-advanced-heading wp-block-themeisle-blocks-advanced-heading-bdb840e0\">P.E.E<\/h3>\n\n\n\n<p class=\"has-text-align-center\">O Projeto Educativo \u00e9 um instrumento reconhecido na lei e que est\u00e1 no centro das estrat\u00e9gias da fomenta\u00e7\u00e3o da autonomia da escola.<\/p>\n\n\n\n<div class=\"wp-block-buttons is-vertical is-content-justification-center is-layout-flex wp-container-core-buttons-is-layout-9f5e29b6 wp-block-buttons-is-layout-flex\">\n<div class=\"wp-block-button is-style-primary is-style-outline is-style-outline--7\"><a class=\"wp-block-button__link wp-element-button\">Projeto Educativo de Escola<\/a><\/div>\n<\/div>\n<\/div>\n\n\n\n<div id=\"wp-block-themeisle-blocks-advanced-column-ec09b220\" class=\"wp-block-themeisle-blocks-advanced-column ticss-ec09b220\">\n<h3 id=\"wp-block-themeisle-blocks-advanced-heading-8557d150\" class=\"wp-block-themeisle-blocks-advanced-heading wp-block-themeisle-blocks-advanced-heading-8557d150\">P.A.E<\/h3>\n\n\n\n<p class=\"has-text-align-center\">O Plano Anual de Atividades  tem como base o Projeto Educativo.<\/p>\n\n\n\n<div class=\"wp-block-buttons is-vertical is-content-justification-center is-layout-flex wp-container-core-buttons-is-layout-9f5e29b6 wp-block-buttons-is-layout-flex\">\n<div class=\"wp-block-button is-style-primary is-style-outline is-style-outline--8\"><a class=\"wp-block-button__link wp-element-button\">Plano Anual de Escola<\/a><\/div>\n<\/div>\n<\/div>\n\n\n\n<div id=\"wp-block-themeisle-blocks-advanced-column-d6ad70ab\" class=\"wp-block-themeisle-blocks-advanced-column ticss-ec09b220\">\n<h3 id=\"wp-block-themeisle-blocks-advanced-heading-e6c27fa4\" class=\"wp-block-themeisle-blocks-advanced-heading wp-block-themeisle-blocks-advanced-heading-e6c27fa4\">PASEO<\/h3>\n\n\n\n<p class=\"has-text-align-center\">O Perfil dos Alunos \u00e0 Sa\u00edda da Escolaridade Obrigat\u00f3ria \u00e9 uma matriz de refer\u00eancia para a organiza\u00e7\u00e3o de todo o sistema educativo.<\/p>\n\n\n\n<div class=\"wp-block-buttons is-vertical is-content-justification-center is-layout-flex wp-container-core-buttons-is-layout-9f5e29b6 wp-block-buttons-is-layout-flex\">\n<div class=\"wp-block-button is-style-primary is-style-outline is-style-outline--9\"><a class=\"wp-block-button__link wp-element-button\" href=\"https:\/\/dge.mec.pt\/sites\/default\/files\/Curriculo\/Projeto_Autonomia_e_Flexibilidade\/perfil_dos_alunos.pdf\">Perfil dos Alunos \u00e0 Sa\u00edda da Escolaridade Obrigat\u00f3ria<\/a><\/div>\n<\/div>\n<\/div>\n\n\n\n<div id=\"wp-block-themeisle-blocks-advanced-column-9927882a\" class=\"wp-block-themeisle-blocks-advanced-column ticss-ec09b220\">\n<h3 id=\"wp-block-themeisle-blocks-advanced-heading-01cba88f\" class=\"wp-block-themeisle-blocks-advanced-heading wp-block-themeisle-blocks-advanced-heading-01cba88f\">AE<\/h3>\n\n\n\n<p class=\"has-text-align-center\">As Aprendizagens Essenciais s\u00e3o o conjunto de conhecimentos a adquirir, identificados como os conte\u00fados de conhecimento disciplinar insdispens\u00e1veis.<\/p>\n\n\n\n<div class=\"wp-block-buttons is-vertical is-content-justification-center is-layout-flex wp-container-core-buttons-is-layout-9f5e29b6 wp-block-buttons-is-layout-flex\">\n<div class=\"wp-block-button is-style-primary is-style-outline is-style-outline--10\"><a class=\"wp-block-button__link wp-element-button\" href=\"https:\/\/www.dge.mec.pt\/aprendizagens-essenciais-ensino-basico\">Aprendizagens Essenciais<\/a><\/div>\n<\/div>\n<\/div>\n<\/div><\/div>\n<\/div>\n<\/div><\/div>\n\n\n\n<div id=\"wp-block-themeisle-blocks-advanced-columns-97a1a75a\" class=\"wp-block-themeisle-blocks-advanced-columns alignfull has-1-columns has-desktop-equal-layout has-tablet-equal-layout has-mobile-collapsedRows-layout has-vertical-center ticss-c00aadba\"><div class=\"wp-block-themeisle-blocks-advanced-columns-overlay\"><\/div><div class=\"innerblocks-wrap\">\n<div id=\"wp-block-themeisle-blocks-advanced-column-5d00eca8\" class=\"wp-block-themeisle-blocks-advanced-column\">\n<div id=\"wp-block-themeisle-blocks-advanced-columns-2878c119\" class=\"wp-block-themeisle-blocks-advanced-columns has-4-columns has-desktop-equal-layout has-tablet-equal-layout has-mobile-collapsedRows-layout has-vertical-top\"><div class=\"wp-block-themeisle-blocks-advanced-columns-overlay\"><\/div><div class=\"innerblocks-wrap\">\n<div id=\"wp-block-themeisle-blocks-advanced-column-f7d85b52\" class=\"wp-block-themeisle-blocks-advanced-column\">\n<h3 id=\"wp-block-themeisle-blocks-advanced-heading-3147d135\" class=\"wp-block-themeisle-blocks-advanced-heading wp-block-themeisle-blocks-advanced-heading-3147d135\"><em>OCEPE<\/em><\/h3>\n\n\n\n<p class=\"has-text-align-center\">As Orienta\u00e7\u00f5es Curriculares para a Educa\u00e7\u00e3o P\u00e9-Escolar destinam-se a apoiar a constru\u00e7\u00e3o e gest\u00e3o<br>do curr\u00edculo no jardim de inf\u00e2ncia.<\/p>\n\n\n\n<div class=\"wp-block-buttons is-vertical is-content-justification-center is-layout-flex wp-container-core-buttons-is-layout-9f5e29b6 wp-block-buttons-is-layout-flex\">\n<div class=\"wp-block-button is-style-primary is-style-outline is-style-outline--11\"><a class=\"wp-block-button__link wp-element-button\" href=\"https:\/\/www.dge.mec.pt\/ocepe\/sites\/default\/files\/Orientacoes_Curriculares.pdf\"><em>OCEPE<\/em><\/a><\/div>\n<\/div>\n<\/div>\n\n\n\n<div id=\"wp-block-themeisle-blocks-advanced-column-3ec8ab73\" class=\"wp-block-themeisle-blocks-advanced-column\">\n<h3 id=\"wp-block-themeisle-blocks-advanced-heading-b84423f2\" class=\"wp-block-themeisle-blocks-advanced-heading wp-block-themeisle-blocks-advanced-heading-b84423f2\"><em>DL n.\u00ba 55\/2018<\/em><\/h3>\n\n\n\n<p class=\"has-text-align-center\">O <em>Decreto-Lei n.\u00ba 55\/2018 <\/em>visa converter um ensino mecanicista para um contexto focado na emerg\u00eancia de aprendizagens significativas.<\/p>\n\n\n\n<div class=\"wp-block-buttons is-vertical is-content-justification-center is-layout-flex wp-container-core-buttons-is-layout-9f5e29b6 wp-block-buttons-is-layout-flex\">\n<div class=\"wp-block-button is-style-primary is-style-outline is-style-outline--12\"><a class=\"wp-block-button__link wp-element-button\" href=\"https:\/\/www.dge.mec.pt\/sites\/default\/files\/Curriculo\/AFC\/dl_55_2018_afc.pdf\"><em>Decreto-Lei n.\u00ba 55\/2018<\/em><\/a><\/div>\n<\/div>\n<\/div>\n\n\n\n<div id=\"wp-block-themeisle-blocks-advanced-column-99fb1610\" class=\"wp-block-themeisle-blocks-advanced-column ticss-ec09b220\">\n<h3 id=\"wp-block-themeisle-blocks-advanced-heading-869a9c1f\" class=\"wp-block-themeisle-blocks-advanced-heading wp-block-themeisle-blocks-advanced-heading-869a9c1f\"><em>DL n.\u00ba 54\/2018<\/em><\/h3>\n\n\n\n<p class=\"has-text-align-center\">O <em>Decreto-Lei n.\u00ba 54\/2018 <\/em>estabelece o regime jur\u00eddico da educa\u00e7\u00e3o inclusiva.<\/p>\n\n\n\n<div class=\"wp-block-buttons is-vertical is-content-justification-center is-layout-flex wp-container-core-buttons-is-layout-9f5e29b6 wp-block-buttons-is-layout-flex\">\n<div class=\"wp-block-button is-style-primary is-style-outline is-style-outline--13\"><a class=\"wp-block-button__link wp-element-button\" href=\"https:\/\/www.dge.mec.pt\/sites\/default\/files\/EEspecial\/dl_54_2018.pdf\"><em>Decreto-Lei n.\u00ba 54\/2018<\/em><\/a><\/div>\n<\/div>\n<\/div>\n\n\n\n<div id=\"wp-block-themeisle-blocks-advanced-column-adbc5601\" class=\"wp-block-themeisle-blocks-advanced-column\">\n<h3 id=\"wp-block-themeisle-blocks-advanced-heading-bacc3ab4\" class=\"wp-block-themeisle-blocks-advanced-heading wp-block-themeisle-blocks-advanced-heading-bacc3ab4\"><em>DL n.\u00ba 11\/2020<\/em><\/h3>\n\n\n\n<p class=\"has-text-align-center\">Na R.A.M \u00e9 o <em>Decreto-Lei n.\u00ba 11\/2020<\/em>, de 29 de julho que adapta os regimes do <em>Decreto-Lei n.\u00ba 55\/2018<\/em> e o <em>Decreto-Lei n.\u00ba 54\/2018<\/em>.<\/p>\n\n\n\n<div class=\"wp-block-buttons is-vertical is-content-justification-center is-layout-flex wp-container-core-buttons-is-layout-9f5e29b6 wp-block-buttons-is-layout-flex\">\n<div class=\"wp-block-button is-style-primary is-style-outline is-style-outline--14\"><a class=\"wp-block-button__link wp-element-button\" href=\"https:\/\/dre.tretas.org\/dre\/4191133\/decreto-legislativo-regional-11-2020-M-de-29-de-julho\"><em>Decreto-Lei n.\u00ba 11\/2020<\/em><\/a><\/div>\n<\/div>\n<\/div>\n<\/div><\/div>\n<\/div>\n<\/div><\/div>\n<\/div>\n<\/div>\n","protected":false},"excerpt":{"rendered":"<p>Hist\u00f3ria A Escola B\u00e1sica do 1.\u00ba Ciclo integrada com o Pr\u00e9-Escolar \u00e9 uma Institui\u00e7\u00e3o Particular Cat\u00f3lica dos Centros Educativos da Apresenta\u00e7\u00e3o de Maria &#8211; Externato S\u00e3o Francisco de Sales, possuindo o Alvar\u00e1 n.\u00ba 745, emitido pelo Minist\u00e9rio da Educa\u00e7\u00e3o em 16 de fevereiro de 1943. Esta escola situa-se na Freguesia de Gaula, Concelho de Santa [&hellip;]<\/p>\n","protected":false},"author":41,"featured_media":44,"parent":0,"menu_order":0,"comment_status":"closed","ping_status":"open","template":"","meta":{"_themeisle_gutenberg_block_has_review":false,"footnotes":""},"class_list":["post-2","page","type-page","status-publish","has-post-thumbnail","hentry"],"_links":{"self":[{"href":"https:\/\/escoladigital.madeira.gov.pt\/extsalesgaula\/wp-json\/wp\/v2\/pages\/2","targetHints":{"allow":["GET"]}}],"collection":[{"href":"https:\/\/escoladigital.madeira.gov.pt\/extsalesgaula\/wp-json\/wp\/v2\/pages"}],"about":[{"href":"https:\/\/escoladigital.madeira.gov.pt\/extsalesgaula\/wp-json\/wp\/v2\/types\/page"}],"author":[{"embeddable":true,"href":"https:\/\/escoladigital.madeira.gov.pt\/extsalesgaula\/wp-json\/wp\/v2\/users\/41"}],"replies":[{"embeddable":true,"href":"https:\/\/escoladigital.madeira.gov.pt\/extsalesgaula\/wp-json\/wp\/v2\/comments?post=2"}],"version-history":[{"count":30,"href":"https:\/\/escoladigital.madeira.gov.pt\/extsalesgaula\/wp-json\/wp\/v2\/pages\/2\/revisions"}],"predecessor-version":[{"id":281,"href":"https:\/\/escoladigital.madeira.gov.pt\/extsalesgaula\/wp-json\/wp\/v2\/pages\/2\/revisions\/281"}],"wp:featuredmedia":[{"embeddable":true,"href":"https:\/\/escoladigital.madeira.gov.pt\/extsalesgaula\/wp-json\/wp\/v2\/media\/44"}],"wp:attachment":[{"href":"https:\/\/escoladigital.madeira.gov.pt\/extsalesgaula\/wp-json\/wp\/v2\/media?parent=2"}],"curies":[{"name":"wp","href":"https:\/\/api.w.org\/{rel}","templated":true}]}}