{"id":103,"date":"2025-05-06T20:27:05","date_gmt":"2025-05-06T20:27:05","guid":{"rendered":"https:\/\/escoladigital.madeira.gov.pt\/infantario-do-livramento\/?page_id=103"},"modified":"2025-11-02T18:43:14","modified_gmt":"2025-11-02T18:43:14","slug":"ementa","status":"publish","type":"page","link":"https:\/\/escoladigital.madeira.gov.pt\/infantario-do-livramento\/ementa\/","title":{"rendered":"Ementa"},"content":{"rendered":"\n<figure class=\"wp-block-image aligncenter size-large is-resized\"><img fetchpriority=\"high\" decoding=\"async\" width=\"1024\" height=\"683\" src=\"https:\/\/escoladigital.madeira.gov.pt\/infantario-do-livramento\/wp-content\/uploads\/sites\/70\/2025\/05\/ChatGPT-Image-26_05_2025-20_33_37-1024x683.png\" alt=\"\" class=\"wp-image-258\" style=\"width:441px;height:auto\" srcset=\"https:\/\/escoladigital.madeira.gov.pt\/infantario-do-livramento\/wp-content\/uploads\/sites\/70\/2025\/05\/ChatGPT-Image-26_05_2025-20_33_37-1024x683.png 1024w, https:\/\/escoladigital.madeira.gov.pt\/infantario-do-livramento\/wp-content\/uploads\/sites\/70\/2025\/05\/ChatGPT-Image-26_05_2025-20_33_37-300x200.png 300w, https:\/\/escoladigital.madeira.gov.pt\/infantario-do-livramento\/wp-content\/uploads\/sites\/70\/2025\/05\/ChatGPT-Image-26_05_2025-20_33_37-768x512.png 768w, https:\/\/escoladigital.madeira.gov.pt\/infantario-do-livramento\/wp-content\/uploads\/sites\/70\/2025\/05\/ChatGPT-Image-26_05_2025-20_33_37.png 1536w\" sizes=\"(max-width: 1024px) 100vw, 1024px\" \/><\/figure>\n\n\n\n<h3 class=\"wp-block-heading has-text-align-center\"><strong>Lanches<\/strong><\/h3>\n\n\n\n<div class=\"wp-block-group is-nowrap is-layout-flex wp-container-core-group-is-layout-6c531013 wp-block-group-is-layout-flex\">\n<h4 class=\"wp-block-heading has-text-align-center\">Ber\u00e7\u00e1rio<\/h4>\n\n\n\n<figure class=\"wp-block-image size-full is-resized\"><img decoding=\"async\" width=\"928\" height=\"519\" src=\"https:\/\/escoladigital.madeira.gov.pt\/infantario-do-livramento\/wp-content\/uploads\/sites\/70\/2025\/11\/Captura-de-ecra_2-11-2025_184051_.jpeg\" alt=\"\" class=\"wp-image-385\" style=\"width:550px;height:auto\" srcset=\"https:\/\/escoladigital.madeira.gov.pt\/infantario-do-livramento\/wp-content\/uploads\/sites\/70\/2025\/11\/Captura-de-ecra_2-11-2025_184051_.jpeg 928w, https:\/\/escoladigital.madeira.gov.pt\/infantario-do-livramento\/wp-content\/uploads\/sites\/70\/2025\/11\/Captura-de-ecra_2-11-2025_184051_-300x168.jpeg 300w, https:\/\/escoladigital.madeira.gov.pt\/infantario-do-livramento\/wp-content\/uploads\/sites\/70\/2025\/11\/Captura-de-ecra_2-11-2025_184051_-768x430.jpeg 768w\" sizes=\"(max-width: 928px) 100vw, 928px\" \/><\/figure>\n<\/div>\n\n\n\n<div class=\"wp-block-group is-nowrap is-layout-flex wp-container-core-group-is-layout-6c531013 wp-block-group-is-layout-flex\">\n<h4 class=\"wp-block-heading has-text-align-center\">Transi\u00e7\u00e3o e Jardim de Inf\u00e2ncia<\/h4>\n\n\n\n<figure class=\"wp-block-image size-full is-resized\"><img decoding=\"async\" width=\"949\" height=\"523\" src=\"https:\/\/escoladigital.madeira.gov.pt\/infantario-do-livramento\/wp-content\/uploads\/sites\/70\/2025\/11\/Captura-de-ecra_2-11-2025_18418_.jpeg\" alt=\"\" class=\"wp-image-386\" style=\"width:550px;height:auto\" srcset=\"https:\/\/escoladigital.madeira.gov.pt\/infantario-do-livramento\/wp-content\/uploads\/sites\/70\/2025\/11\/Captura-de-ecra_2-11-2025_18418_.jpeg 949w, https:\/\/escoladigital.madeira.gov.pt\/infantario-do-livramento\/wp-content\/uploads\/sites\/70\/2025\/11\/Captura-de-ecra_2-11-2025_18418_-300x165.jpeg 300w, https:\/\/escoladigital.madeira.gov.pt\/infantario-do-livramento\/wp-content\/uploads\/sites\/70\/2025\/11\/Captura-de-ecra_2-11-2025_18418_-768x423.jpeg 768w\" sizes=\"(max-width: 949px) 100vw, 949px\" \/><\/figure>\n<\/div>\n\n\n\n<h3 class=\"wp-block-heading has-text-align-center\"><strong>Almo\u00e7o<\/strong><\/h3>\n\n\n\n<div class=\"wp-block-columns is-layout-flex wp-container-core-columns-is-layout-28f84493 wp-block-columns-is-layout-flex\">\n<div class=\"wp-block-column is-layout-flow wp-block-column-is-layout-flow\">\n<figure class=\"wp-block-image aligncenter size-large is-resized\"><img loading=\"lazy\" decoding=\"async\" width=\"781\" height=\"1024\" src=\"https:\/\/escoladigital.madeira.gov.pt\/infantario-do-livramento\/wp-content\/uploads\/sites\/70\/2025\/05\/Captura-de-ecra_27-5-2025_20470_-2-781x1024.jpeg\" alt=\"\" class=\"wp-image-296\" style=\"width:648px;height:auto\" srcset=\"https:\/\/escoladigital.madeira.gov.pt\/infantario-do-livramento\/wp-content\/uploads\/sites\/70\/2025\/05\/Captura-de-ecra_27-5-2025_20470_-2-781x1024.jpeg 781w, https:\/\/escoladigital.madeira.gov.pt\/infantario-do-livramento\/wp-content\/uploads\/sites\/70\/2025\/05\/Captura-de-ecra_27-5-2025_20470_-2-229x300.jpeg 229w, https:\/\/escoladigital.madeira.gov.pt\/infantario-do-livramento\/wp-content\/uploads\/sites\/70\/2025\/05\/Captura-de-ecra_27-5-2025_20470_-2-768x1007.jpeg 768w, https:\/\/escoladigital.madeira.gov.pt\/infantario-do-livramento\/wp-content\/uploads\/sites\/70\/2025\/05\/Captura-de-ecra_27-5-2025_20470_-2.jpeg 1072w\" sizes=\"(max-width: 781px) 100vw, 781px\" \/><\/figure>\n<\/div>\n<\/div>\n\n\n\n<div class=\"wp-block-columns is-layout-flex wp-container-core-columns-is-layout-28f84493 wp-block-columns-is-layout-flex\">\n<div class=\"wp-block-column is-layout-flow wp-block-column-is-layout-flow\">\n<figure class=\"wp-block-image aligncenter size-large\"><img loading=\"lazy\" decoding=\"async\" width=\"647\" height=\"1024\" src=\"https:\/\/escoladigital.madeira.gov.pt\/infantario-do-livramento\/wp-content\/uploads\/sites\/70\/2025\/05\/Captura-de-ecra_27-5-2025_20485_-1-647x1024.jpeg\" alt=\"\" class=\"wp-image-297\" srcset=\"https:\/\/escoladigital.madeira.gov.pt\/infantario-do-livramento\/wp-content\/uploads\/sites\/70\/2025\/05\/Captura-de-ecra_27-5-2025_20485_-1-647x1024.jpeg 647w, https:\/\/escoladigital.madeira.gov.pt\/infantario-do-livramento\/wp-content\/uploads\/sites\/70\/2025\/05\/Captura-de-ecra_27-5-2025_20485_-1-189x300.jpeg 189w, https:\/\/escoladigital.madeira.gov.pt\/infantario-do-livramento\/wp-content\/uploads\/sites\/70\/2025\/05\/Captura-de-ecra_27-5-2025_20485_-1-768x1216.jpeg 768w, https:\/\/escoladigital.madeira.gov.pt\/infantario-do-livramento\/wp-content\/uploads\/sites\/70\/2025\/05\/Captura-de-ecra_27-5-2025_20485_-1.jpeg 929w\" sizes=\"(max-width: 647px) 100vw, 647px\" \/><\/figure>\n<\/div>\n<\/div>\n\n\n\n<div class=\"wp-block-columns is-layout-flex wp-container-core-columns-is-layout-28f84493 wp-block-columns-is-layout-flex\">\n<div class=\"wp-block-column is-layout-flow wp-block-column-is-layout-flow\">\n<figure class=\"wp-block-image aligncenter size-large\"><img loading=\"lazy\" decoding=\"async\" width=\"647\" height=\"1024\" src=\"https:\/\/escoladigital.madeira.gov.pt\/infantario-do-livramento\/wp-content\/uploads\/sites\/70\/2025\/05\/Captura-de-ecra_27-5-2025_204849_-647x1024.jpeg\" alt=\"\" class=\"wp-image-298\" srcset=\"https:\/\/escoladigital.madeira.gov.pt\/infantario-do-livramento\/wp-content\/uploads\/sites\/70\/2025\/05\/Captura-de-ecra_27-5-2025_204849_-647x1024.jpeg 647w, https:\/\/escoladigital.madeira.gov.pt\/infantario-do-livramento\/wp-content\/uploads\/sites\/70\/2025\/05\/Captura-de-ecra_27-5-2025_204849_-190x300.jpeg 190w, https:\/\/escoladigital.madeira.gov.pt\/infantario-do-livramento\/wp-content\/uploads\/sites\/70\/2025\/05\/Captura-de-ecra_27-5-2025_204849_-768x1215.jpeg 768w, https:\/\/escoladigital.madeira.gov.pt\/infantario-do-livramento\/wp-content\/uploads\/sites\/70\/2025\/05\/Captura-de-ecra_27-5-2025_204849_.jpeg 939w\" sizes=\"(max-width: 647px) 100vw, 647px\" \/><\/figure>\n<\/div>\n<\/div>\n\n\n\n<div class=\"wp-block-columns is-layout-flex wp-container-core-columns-is-layout-28f84493 wp-block-columns-is-layout-flex\">\n<div class=\"wp-block-column is-layout-flow wp-block-column-is-layout-flow\">\n<figure class=\"wp-block-image aligncenter size-large\"><img loading=\"lazy\" decoding=\"async\" width=\"648\" height=\"1024\" src=\"https:\/\/escoladigital.madeira.gov.pt\/infantario-do-livramento\/wp-content\/uploads\/sites\/70\/2025\/05\/Captura-de-ecra_27-5-2025_20515_-648x1024.jpeg\" alt=\"\" class=\"wp-image-299\" srcset=\"https:\/\/escoladigital.madeira.gov.pt\/infantario-do-livramento\/wp-content\/uploads\/sites\/70\/2025\/05\/Captura-de-ecra_27-5-2025_20515_-648x1024.jpeg 648w, https:\/\/escoladigital.madeira.gov.pt\/infantario-do-livramento\/wp-content\/uploads\/sites\/70\/2025\/05\/Captura-de-ecra_27-5-2025_20515_-190x300.jpeg 190w, https:\/\/escoladigital.madeira.gov.pt\/infantario-do-livramento\/wp-content\/uploads\/sites\/70\/2025\/05\/Captura-de-ecra_27-5-2025_20515_-768x1214.jpeg 768w, https:\/\/escoladigital.madeira.gov.pt\/infantario-do-livramento\/wp-content\/uploads\/sites\/70\/2025\/05\/Captura-de-ecra_27-5-2025_20515_.jpeg 945w\" sizes=\"(max-width: 648px) 100vw, 648px\" \/><\/figure>\n<\/div>\n<\/div>\n","protected":false},"excerpt":{"rendered":"<p>Lanches Ber\u00e7\u00e1rio Transi\u00e7\u00e3o e Jardim de Inf\u00e2ncia Almo\u00e7o<\/p>\n","protected":false},"author":95,"featured_media":0,"parent":0,"menu_order":0,"comment_status":"closed","ping_status":"closed","template":"","meta":{"site-sidebar-layout":"default","site-content-layout":"","ast-site-content-layout":"default","site-content-style":"default","site-sidebar-style":"default","ast-global-header-display":"","ast-banner-title-visibility":"","ast-main-header-display":"","ast-hfb-above-header-display":"","ast-hfb-below-header-display":"","ast-hfb-mobile-header-display":"","site-post-title":"","ast-breadcrumbs-content":"","ast-featured-img":"","footer-sml-layout":"","ast-disable-related-posts":"","theme-transparent-header-meta":"","adv-header-id-meta":"","stick-header-meta":"","header-above-stick-meta":"","header-main-stick-meta":"","header-below-stick-meta":"","astra-migrate-meta-layouts":"default","ast-page-background-enabled":"default","ast-page-background-meta":{"desktop":{"background-color":"var(--ast-global-color-5)","background-image":"","background-repeat":"repeat","background-position":"center center","background-size":"auto","background-attachment":"scroll","background-type":"","background-media":"","overlay-type":"","overlay-color":"","overlay-opacity":"","overlay-gradient":""},"tablet":{"background-color":"","background-image":"","background-repeat":"repeat","background-position":"center center","background-size":"auto","background-attachment":"scroll","background-type":"","background-media":"","overlay-type":"","overlay-color":"","overlay-opacity":"","overlay-gradient":""},"mobile":{"background-color":"","background-image":"","background-repeat":"repeat","background-position":"center center","background-size":"auto","background-attachment":"scroll","background-type":"","background-media":"","overlay-type":"","overlay-color":"","overlay-opacity":"","overlay-gradient":""}},"ast-content-background-meta":{"desktop":{"background-color":"var(--ast-global-color-4)","background-image":"","background-repeat":"repeat","background-position":"center center","background-size":"auto","background-attachment":"scroll","background-type":"","background-media":"","overlay-type":"","overlay-color":"","overlay-opacity":"","overlay-gradient":""},"tablet":{"background-color":"var(--ast-global-color-4)","background-image":"","background-repeat":"repeat","background-position":"center center","background-size":"auto","background-attachment":"scroll","background-type":"","background-media":"","overlay-type":"","overlay-color":"","overlay-opacity":"","overlay-gradient":""},"mobile":{"background-color":"var(--ast-global-color-4)","background-image":"","background-repeat":"repeat","background-position":"center center","background-size":"auto","background-attachment":"scroll","background-type":"","background-media":"","overlay-type":"","overlay-color":"","overlay-opacity":"","overlay-gradient":""}},"_themeisle_gutenberg_block_has_review":false,"footnotes":""},"class_list":["post-103","page","type-page","status-publish","hentry"],"_links":{"self":[{"href":"https:\/\/escoladigital.madeira.gov.pt\/infantario-do-livramento\/wp-json\/wp\/v2\/pages\/103","targetHints":{"allow":["GET"]}}],"collection":[{"href":"https:\/\/escoladigital.madeira.gov.pt\/infantario-do-livramento\/wp-json\/wp\/v2\/pages"}],"about":[{"href":"https:\/\/escoladigital.madeira.gov.pt\/infantario-do-livramento\/wp-json\/wp\/v2\/types\/page"}],"author":[{"embeddable":true,"href":"https:\/\/escoladigital.madeira.gov.pt\/infantario-do-livramento\/wp-json\/wp\/v2\/users\/95"}],"replies":[{"embeddable":true,"href":"https:\/\/escoladigital.madeira.gov.pt\/infantario-do-livramento\/wp-json\/wp\/v2\/comments?post=103"}],"version-history":[{"count":8,"href":"https:\/\/escoladigital.madeira.gov.pt\/infantario-do-livramento\/wp-json\/wp\/v2\/pages\/103\/revisions"}],"predecessor-version":[{"id":388,"href":"https:\/\/escoladigital.madeira.gov.pt\/infantario-do-livramento\/wp-json\/wp\/v2\/pages\/103\/revisions\/388"}],"wp:attachment":[{"href":"https:\/\/escoladigital.madeira.gov.pt\/infantario-do-livramento\/wp-json\/wp\/v2\/media?parent=103"}],"curies":[{"name":"wp","href":"https:\/\/api.w.org\/{rel}","templated":true}]}}