{"id":105,"date":"2025-05-06T20:28:27","date_gmt":"2025-05-06T20:28:27","guid":{"rendered":"https:\/\/escoladigital.madeira.gov.pt\/infantario-do-livramento\/?page_id=105"},"modified":"2025-11-01T21:38:52","modified_gmt":"2025-11-01T21:38:52","slug":"equipa-docente-e-nao-docente","status":"publish","type":"page","link":"https:\/\/escoladigital.madeira.gov.pt\/infantario-do-livramento\/sobre-a-escola\/equipa-docente-e-nao-docente\/","title":{"rendered":"A nossa Equipa"},"content":{"rendered":"\n<figure class=\"wp-block-image aligncenter size-large is-resized\"><img fetchpriority=\"high\" decoding=\"async\" width=\"1024\" height=\"463\" src=\"https:\/\/escoladigital.madeira.gov.pt\/infantario-do-livramento\/wp-content\/uploads\/sites\/70\/2025\/11\/Captura-de-ecra_1-11-2025_212139_-1024x463.jpeg\" alt=\"\" class=\"wp-image-348\" style=\"width:566px;height:auto\" srcset=\"https:\/\/escoladigital.madeira.gov.pt\/infantario-do-livramento\/wp-content\/uploads\/sites\/70\/2025\/11\/Captura-de-ecra_1-11-2025_212139_-1024x463.jpeg 1024w, https:\/\/escoladigital.madeira.gov.pt\/infantario-do-livramento\/wp-content\/uploads\/sites\/70\/2025\/11\/Captura-de-ecra_1-11-2025_212139_-300x136.jpeg 300w, https:\/\/escoladigital.madeira.gov.pt\/infantario-do-livramento\/wp-content\/uploads\/sites\/70\/2025\/11\/Captura-de-ecra_1-11-2025_212139_-768x347.jpeg 768w, https:\/\/escoladigital.madeira.gov.pt\/infantario-do-livramento\/wp-content\/uploads\/sites\/70\/2025\/11\/Captura-de-ecra_1-11-2025_212139_.jpeg 1288w\" sizes=\"(max-width: 1024px) 100vw, 1024px\" \/><\/figure>\n\n\n\n<div style=\"height:36px\" aria-hidden=\"true\" class=\"wp-block-spacer\"><\/div>\n\n\n\n<p class=\"has-text-align-center\">No nosso infant\u00e1rio, acreditamos que cada crian\u00e7a merece crescer num ambiente seguro, acolhedor e estimulante. A nossa equipa educativa \u00e9 composta por educadoras de inf\u00e2ncia qualificadas e auxiliares experientes, dedicadas ao bem-estar e desenvolvimento integral de cada crian\u00e7a.<br>Trabalhamos com paix\u00e3o, profissionalismo e carinho, promovendo uma educa\u00e7\u00e3o baseada no respeito, na escuta ativa e na valoriza\u00e7\u00e3o da individualidade e ritmo de cada crian\u00e7a. Juntos, criamos um espa\u00e7o onde aprender \u00e9 uma aventura feliz todos os dias.<\/p>\n\n\n\n<div class=\"wp-block-columns is-layout-flex wp-container-core-columns-is-layout-28f84493 wp-block-columns-is-layout-flex\">\n<div class=\"wp-block-column is-layout-flow wp-block-column-is-layout-flow\">\n<p><\/p>\n\n\n\n<h3 class=\"wp-block-heading has-text-align-center\"><strong>Equipa docente<\/strong><\/h3>\n<\/div>\n\n\n\n<div class=\"wp-block-column is-layout-flow wp-block-column-is-layout-flow\">\n<figure class=\"wp-block-image size-large\"><img decoding=\"async\" width=\"1024\" height=\"478\" src=\"https:\/\/escoladigital.madeira.gov.pt\/infantario-do-livramento\/wp-content\/uploads\/sites\/70\/2025\/11\/IMG-20251031-WA0016-1-1024x478.jpg\" alt=\"\" class=\"wp-image-346\" srcset=\"https:\/\/escoladigital.madeira.gov.pt\/infantario-do-livramento\/wp-content\/uploads\/sites\/70\/2025\/11\/IMG-20251031-WA0016-1-1024x478.jpg 1024w, https:\/\/escoladigital.madeira.gov.pt\/infantario-do-livramento\/wp-content\/uploads\/sites\/70\/2025\/11\/IMG-20251031-WA0016-1-300x140.jpg 300w, https:\/\/escoladigital.madeira.gov.pt\/infantario-do-livramento\/wp-content\/uploads\/sites\/70\/2025\/11\/IMG-20251031-WA0016-1-768x359.jpg 768w, https:\/\/escoladigital.madeira.gov.pt\/infantario-do-livramento\/wp-content\/uploads\/sites\/70\/2025\/11\/IMG-20251031-WA0016-1-1536x717.jpg 1536w, https:\/\/escoladigital.madeira.gov.pt\/infantario-do-livramento\/wp-content\/uploads\/sites\/70\/2025\/11\/IMG-20251031-WA0016-1.jpg 2000w\" sizes=\"(max-width: 1024px) 100vw, 1024px\" \/><\/figure>\n<\/div>\n<\/div>\n\n\n\n<div class=\"wp-block-columns is-layout-flex wp-container-core-columns-is-layout-28f84493 wp-block-columns-is-layout-flex\">\n<div class=\"wp-block-column is-layout-flow wp-block-column-is-layout-flow\">\n<p><\/p>\n\n\n\n<h3 class=\"wp-block-heading has-text-align-center\"><strong>Equipa n\u00e3o docente<\/strong><\/h3>\n<\/div>\n\n\n\n<div class=\"wp-block-column is-layout-flow wp-block-column-is-layout-flow\">\n<figure class=\"wp-block-image size-large\"><img decoding=\"async\" width=\"1024\" height=\"478\" src=\"https:\/\/escoladigital.madeira.gov.pt\/infantario-do-livramento\/wp-content\/uploads\/sites\/70\/2025\/11\/IMG-20251031-WA0007-1-1024x478.jpg\" alt=\"\" class=\"wp-image-345\" srcset=\"https:\/\/escoladigital.madeira.gov.pt\/infantario-do-livramento\/wp-content\/uploads\/sites\/70\/2025\/11\/IMG-20251031-WA0007-1-1024x478.jpg 1024w, https:\/\/escoladigital.madeira.gov.pt\/infantario-do-livramento\/wp-content\/uploads\/sites\/70\/2025\/11\/IMG-20251031-WA0007-1-300x140.jpg 300w, https:\/\/escoladigital.madeira.gov.pt\/infantario-do-livramento\/wp-content\/uploads\/sites\/70\/2025\/11\/IMG-20251031-WA0007-1-768x359.jpg 768w, https:\/\/escoladigital.madeira.gov.pt\/infantario-do-livramento\/wp-content\/uploads\/sites\/70\/2025\/11\/IMG-20251031-WA0007-1-1536x717.jpg 1536w, https:\/\/escoladigital.madeira.gov.pt\/infantario-do-livramento\/wp-content\/uploads\/sites\/70\/2025\/11\/IMG-20251031-WA0007-1.jpg 2000w\" sizes=\"(max-width: 1024px) 100vw, 1024px\" \/><\/figure>\n<\/div>\n<\/div>\n","protected":false},"excerpt":{"rendered":"<p>No nosso infant\u00e1rio, acreditamos que cada crian\u00e7a merece crescer num ambiente seguro, acolhedor e estimulante. A nossa equipa educativa \u00e9 [&hellip;]<\/p>\n","protected":false},"author":95,"featured_media":0,"parent":18,"menu_order":0,"comment_status":"closed","ping_status":"closed","template":"","meta":{"site-sidebar-layout":"default","site-content-layout":"","ast-site-content-layout":"default","site-content-style":"default","site-sidebar-style":"default","ast-global-header-display":"","ast-banner-title-visibility":"","ast-main-header-display":"","ast-hfb-above-header-display":"","ast-hfb-below-header-display":"","ast-hfb-mobile-header-display":"","site-post-title":"","ast-breadcrumbs-content":"","ast-featured-img":"","footer-sml-layout":"","ast-disable-related-posts":"","theme-transparent-header-meta":"","adv-header-id-meta":"","stick-header-meta":"","header-above-stick-meta":"","header-main-stick-meta":"","header-below-stick-meta":"","astra-migrate-meta-layouts":"default","ast-page-background-enabled":"default","ast-page-background-meta":{"desktop":{"background-color":"var(--ast-global-color-5)","background-image":"","background-repeat":"repeat","background-position":"center center","background-size":"auto","background-attachment":"scroll","background-type":"","background-media":"","overlay-type":"","overlay-color":"","overlay-opacity":"","overlay-gradient":""},"tablet":{"background-color":"","background-image":"","background-repeat":"repeat","background-position":"center center","background-size":"auto","background-attachment":"scroll","background-type":"","background-media":"","overlay-type":"","overlay-color":"","overlay-opacity":"","overlay-gradient":""},"mobile":{"background-color":"","background-image":"","background-repeat":"repeat","background-position":"center center","background-size":"auto","background-attachment":"scroll","background-type":"","background-media":"","overlay-type":"","overlay-color":"","overlay-opacity":"","overlay-gradient":""}},"ast-content-background-meta":{"desktop":{"background-color":"var(--ast-global-color-4)","background-image":"","background-repeat":"repeat","background-position":"center center","background-size":"auto","background-attachment":"scroll","background-type":"","background-media":"","overlay-type":"","overlay-color":"","overlay-opacity":"","overlay-gradient":""},"tablet":{"background-color":"var(--ast-global-color-4)","background-image":"","background-repeat":"repeat","background-position":"center center","background-size":"auto","background-attachment":"scroll","background-type":"","background-media":"","overlay-type":"","overlay-color":"","overlay-opacity":"","overlay-gradient":""},"mobile":{"background-color":"var(--ast-global-color-4)","background-image":"","background-repeat":"repeat","background-position":"center center","background-size":"auto","background-attachment":"scroll","background-type":"","background-media":"","overlay-type":"","overlay-color":"","overlay-opacity":"","overlay-gradient":""}},"_themeisle_gutenberg_block_has_review":false,"footnotes":""},"class_list":["post-105","page","type-page","status-publish","hentry"],"_links":{"self":[{"href":"https:\/\/escoladigital.madeira.gov.pt\/infantario-do-livramento\/wp-json\/wp\/v2\/pages\/105","targetHints":{"allow":["GET"]}}],"collection":[{"href":"https:\/\/escoladigital.madeira.gov.pt\/infantario-do-livramento\/wp-json\/wp\/v2\/pages"}],"about":[{"href":"https:\/\/escoladigital.madeira.gov.pt\/infantario-do-livramento\/wp-json\/wp\/v2\/types\/page"}],"author":[{"embeddable":true,"href":"https:\/\/escoladigital.madeira.gov.pt\/infantario-do-livramento\/wp-json\/wp\/v2\/users\/95"}],"replies":[{"embeddable":true,"href":"https:\/\/escoladigital.madeira.gov.pt\/infantario-do-livramento\/wp-json\/wp\/v2\/comments?post=105"}],"version-history":[{"count":7,"href":"https:\/\/escoladigital.madeira.gov.pt\/infantario-do-livramento\/wp-json\/wp\/v2\/pages\/105\/revisions"}],"predecessor-version":[{"id":350,"href":"https:\/\/escoladigital.madeira.gov.pt\/infantario-do-livramento\/wp-json\/wp\/v2\/pages\/105\/revisions\/350"}],"up":[{"embeddable":true,"href":"https:\/\/escoladigital.madeira.gov.pt\/infantario-do-livramento\/wp-json\/wp\/v2\/pages\/18"}],"wp:attachment":[{"href":"https:\/\/escoladigital.madeira.gov.pt\/infantario-do-livramento\/wp-json\/wp\/v2\/media?parent=105"}],"curies":[{"name":"wp","href":"https:\/\/api.w.org\/{rel}","templated":true}]}}