{"id":18,"date":"2025-05-04T10:10:25","date_gmt":"2025-05-04T10:10:25","guid":{"rendered":"https:\/\/escoladigital.madeira.gov.pt\/infantario-do-livramento\/?page_id=18"},"modified":"2025-05-04T10:12:03","modified_gmt":"2025-05-04T10:12:03","slug":"sobre-a-escola","status":"publish","type":"page","link":"https:\/\/escoladigital.madeira.gov.pt\/infantario-do-livramento\/sobre-a-escola\/","title":{"rendered":"Sobre a Escola"},"content":{"rendered":"\n<figure class=\"wp-block-image aligncenter size-large is-resized\"><img fetchpriority=\"high\" decoding=\"async\" width=\"1024\" height=\"966\" src=\"https:\/\/escoladigital.madeira.gov.pt\/infantario-do-livramento\/wp-content\/uploads\/sites\/70\/2025\/04\/infatario-livramento-Novo-1024x966.jpg\" alt=\"\" class=\"wp-image-19\" style=\"width:440px;height:auto\" srcset=\"https:\/\/escoladigital.madeira.gov.pt\/infantario-do-livramento\/wp-content\/uploads\/sites\/70\/2025\/04\/infatario-livramento-Novo-1024x966.jpg 1024w, https:\/\/escoladigital.madeira.gov.pt\/infantario-do-livramento\/wp-content\/uploads\/sites\/70\/2025\/04\/infatario-livramento-Novo-300x283.jpg 300w, https:\/\/escoladigital.madeira.gov.pt\/infantario-do-livramento\/wp-content\/uploads\/sites\/70\/2025\/04\/infatario-livramento-Novo-768x725.jpg 768w, https:\/\/escoladigital.madeira.gov.pt\/infantario-do-livramento\/wp-content\/uploads\/sites\/70\/2025\/04\/infatario-livramento-Novo-1536x1449.jpg 1536w, https:\/\/escoladigital.madeira.gov.pt\/infantario-do-livramento\/wp-content\/uploads\/sites\/70\/2025\/04\/infatario-livramento-Novo-2048x1932.jpg 2048w\" sizes=\"(max-width: 1024px) 100vw, 1024px\" \/><\/figure>\n\n\n\n<div style=\"height:41px\" aria-hidden=\"true\" class=\"wp-block-spacer\"><\/div>\n\n\n\n<p class=\"has-text-align-center\">O infant\u00e1rio encontra-se localizado na zona do Livramento, freguesia do Monte, no concelho do Funchal. Esta institui\u00e7\u00e3o iniciou oficialmente a sua atividade no dia 2 de novembro de 2010, estando sediada no complexo da igreja do Livramento. Importa, no entanto, salientar que se trata de uma institui\u00e7\u00e3o de natureza privada, funcionando de forma aut\u00f3noma e independente da Igreja.<\/p>\n\n\n\n<p class=\"has-text-align-center\">Com o intuito de dar resposta \u00e0s exig\u00eancias das fam\u00edlias contempor\u00e2neas, o infant\u00e1rio disponibiliza um hor\u00e1rio de funcionamento alargado, procurando conciliar as necessidades profissionais dos encarregados de educa\u00e7\u00e3o com a garantia de um acompanhamento educativo de qualidade para as crian\u00e7as.<\/p>\n\n\n\n<p class=\"has-text-align-center\">As instala\u00e7\u00f5es da institui\u00e7\u00e3o caracterizam-se por espa\u00e7os amplos, arejados e devidamente equipados com material pedag\u00f3gico de elevada qualidade, adequado \u00e0s diferentes faixas et\u00e1rias e alinhado com as boas pr\u00e1ticas educativas.<\/p>\n\n\n\n<p class=\"has-text-align-center\">No que respeita ao espa\u00e7o exterior, este revela-se amplo, atrativo e bem estruturado, estando dotado de equipamentos l\u00fadico-pedag\u00f3gicos desafiantes e apropriados ao desenvolvimento infantil, promovendo o bem-estar, a socializa\u00e7\u00e3o e o desenvolvimento motor e cognitivo das crian\u00e7as.<\/p>\n\n\n\n<p class=\"has-text-align-center\">Desta forma, o infant\u00e1rio posiciona-se como uma institui\u00e7\u00e3o de refer\u00eancia na \u00e1rea da educa\u00e7\u00e3o pr\u00e9-escolar, assumindo um compromisso claro com a qualidade educativa e com o apoio \u00e0s fam\u00edlias da comunidade onde se insere.<\/p>\n\n\n\n<p><\/p>\n","protected":false},"excerpt":{"rendered":"<p>O infant\u00e1rio encontra-se localizado na zona do Livramento, freguesia do Monte, no concelho do Funchal. Esta institui\u00e7\u00e3o iniciou oficialmente a [&hellip;]<\/p>\n","protected":false},"author":95,"featured_media":0,"parent":0,"menu_order":0,"comment_status":"closed","ping_status":"closed","template":"","meta":{"site-sidebar-layout":"default","site-content-layout":"","ast-site-content-layout":"default","site-content-style":"default","site-sidebar-style":"default","ast-global-header-display":"","ast-banner-title-visibility":"","ast-main-header-display":"","ast-hfb-above-header-display":"","ast-hfb-below-header-display":"","ast-hfb-mobile-header-display":"","site-post-title":"","ast-breadcrumbs-content":"","ast-featured-img":"","footer-sml-layout":"","ast-disable-related-posts":"","theme-transparent-header-meta":"","adv-header-id-meta":"","stick-header-meta":"","header-above-stick-meta":"","header-main-stick-meta":"","header-below-stick-meta":"","astra-migrate-meta-layouts":"default","ast-page-background-enabled":"default","ast-page-background-meta":{"desktop":{"background-color":"var(--ast-global-color-5)","background-image":"","background-repeat":"repeat","background-position":"center center","background-size":"auto","background-attachment":"scroll","background-type":"","background-media":"","overlay-type":"","overlay-color":"","overlay-opacity":"","overlay-gradient":""},"tablet":{"background-color":"","background-image":"","background-repeat":"repeat","background-position":"center center","background-size":"auto","background-attachment":"scroll","background-type":"","background-media":"","overlay-type":"","overlay-color":"","overlay-opacity":"","overlay-gradient":""},"mobile":{"background-color":"","background-image":"","background-repeat":"repeat","background-position":"center center","background-size":"auto","background-attachment":"scroll","background-type":"","background-media":"","overlay-type":"","overlay-color":"","overlay-opacity":"","overlay-gradient":""}},"ast-content-background-meta":{"desktop":{"background-color":"var(--ast-global-color-4)","background-image":"","background-repeat":"repeat","background-position":"center center","background-size":"auto","background-attachment":"scroll","background-type":"","background-media":"","overlay-type":"","overlay-color":"","overlay-opacity":"","overlay-gradient":""},"tablet":{"background-color":"var(--ast-global-color-4)","background-image":"","background-repeat":"repeat","background-position":"center center","background-size":"auto","background-attachment":"scroll","background-type":"","background-media":"","overlay-type":"","overlay-color":"","overlay-opacity":"","overlay-gradient":""},"mobile":{"background-color":"var(--ast-global-color-4)","background-image":"","background-repeat":"repeat","background-position":"center center","background-size":"auto","background-attachment":"scroll","background-type":"","background-media":"","overlay-type":"","overlay-color":"","overlay-opacity":"","overlay-gradient":""}},"_themeisle_gutenberg_block_has_review":false,"footnotes":""},"class_list":["post-18","page","type-page","status-publish","hentry"],"_links":{"self":[{"href":"https:\/\/escoladigital.madeira.gov.pt\/infantario-do-livramento\/wp-json\/wp\/v2\/pages\/18","targetHints":{"allow":["GET"]}}],"collection":[{"href":"https:\/\/escoladigital.madeira.gov.pt\/infantario-do-livramento\/wp-json\/wp\/v2\/pages"}],"about":[{"href":"https:\/\/escoladigital.madeira.gov.pt\/infantario-do-livramento\/wp-json\/wp\/v2\/types\/page"}],"author":[{"embeddable":true,"href":"https:\/\/escoladigital.madeira.gov.pt\/infantario-do-livramento\/wp-json\/wp\/v2\/users\/95"}],"replies":[{"embeddable":true,"href":"https:\/\/escoladigital.madeira.gov.pt\/infantario-do-livramento\/wp-json\/wp\/v2\/comments?post=18"}],"version-history":[{"count":4,"href":"https:\/\/escoladigital.madeira.gov.pt\/infantario-do-livramento\/wp-json\/wp\/v2\/pages\/18\/revisions"}],"predecessor-version":[{"id":23,"href":"https:\/\/escoladigital.madeira.gov.pt\/infantario-do-livramento\/wp-json\/wp\/v2\/pages\/18\/revisions\/23"}],"wp:attachment":[{"href":"https:\/\/escoladigital.madeira.gov.pt\/infantario-do-livramento\/wp-json\/wp\/v2\/media?parent=18"}],"curies":[{"name":"wp","href":"https:\/\/api.w.org\/{rel}","templated":true}]}}