{"id":90,"date":"2025-05-06T20:07:09","date_gmt":"2025-05-06T20:07:09","guid":{"rendered":"https:\/\/escoladigital.madeira.gov.pt\/infantario-do-livramento\/?page_id=90"},"modified":"2025-05-07T13:08:24","modified_gmt":"2025-05-07T13:08:24","slug":"eventos","status":"publish","type":"page","link":"https:\/\/escoladigital.madeira.gov.pt\/infantario-do-livramento\/eventos\/","title":{"rendered":"Eventos"},"content":{"rendered":"<div class=\"is-style-boxed wp-block-themeisle-blocks-posts-grid\" id=\"wp-block-themeisle-blocks-posts-grid-f754b017\"><div class=\"is-grid o-posts-grid-columns-2\"><div class=\"o-posts-grid-post-blog o-posts-grid-post-plain\"><div class=\"o-posts-grid-post\"><div class=\"o-posts-grid-post-body is-full\"><h4 class=\"o-posts-grid-post-title\"><a href=\"https:\/\/escoladigital.madeira.gov.pt\/infantario-do-livramento\/2025\/11\/02\/%e2%9c%a8-sala-snoezelen-onde-a-magia-dos-sentidos-acontece-%e2%9c%a8\/\">\u2728 Sala Snoezelen \u2013 onde a magia dos sentidos acontece! \u2728<\/a><\/h4><div class=\"o-posts-grid-post-description\"><p>No nosso infant\u00e1rio, a sala Snoezelen \u00e9 um espa\u00e7o especial de luzes, cores e sons pensado para despe\u2026<\/p><\/div><\/div><\/div><\/div><div class=\"o-posts-grid-post-blog o-posts-grid-post-plain\"><div class=\"o-posts-grid-post\"><div class=\"o-posts-grid-post-body is-full\"><h4 class=\"o-posts-grid-post-title\"><a href=\"https:\/\/escoladigital.madeira.gov.pt\/infantario-do-livramento\/2025\/11\/01\/%f0%9f%8e%83%f0%9f%95%b8%ef%b8%8f-halloween-no-nosso-infantario-%f0%9f%91%bb%f0%9f%95%b7%ef%b8%8f\/\">\ud83c\udf83\ud83d\udd78\ufe0f Halloween no nosso Infant\u00e1rio! \ud83d\udc7b\ud83d\udd77\ufe0f<\/a><\/h4><div class=\"o-posts-grid-post-description\"><p>Hoje vivemos um dia assustadoramente divertido! \ud83d\ude04 As educadoras prepararam uma pequena introdu\u00e7\u00e3o ao\u2026<\/p><\/div><\/div><\/div><\/div><div class=\"o-posts-grid-post-blog o-posts-grid-post-plain\"><div class=\"o-posts-grid-post\"><div class=\"o-posts-grid-post-body is-full\"><h4 class=\"o-posts-grid-post-title\"><a href=\"https:\/\/escoladigital.madeira.gov.pt\/infantario-do-livramento\/2025\/11\/01\/%f0%9f%8d%8e-pao-por-deus-no-nosso-infantario-%f0%9f%8d%82%e2%9c%a8\/\">\ud83c\udf4e P\u00e3o-por-Deus no nosso infant\u00e1rio! \ud83c\udf42\u2728<\/a><\/h4><div class=\"o-posts-grid-post-description\"><p>Celebr\u00e1mos uma das mais bonitas tradi\u00e7\u00f5es portuguesas \u2014 o P\u00e3o-por-Deus! As nossas crian\u00e7as sa\u00edram ch\u2026<\/p><\/div><\/div><\/div><\/div><div class=\"o-posts-grid-post-blog o-posts-grid-post-plain\"><div class=\"o-posts-grid-post\"><div class=\"o-posts-grid-post-body is-full\"><h4 class=\"o-posts-grid-post-title\"><a href=\"https:\/\/escoladigital.madeira.gov.pt\/infantario-do-livramento\/2025\/05\/21\/dia-mundial-da-abelha\/\">Dia Mundial da Abelha<\/a><\/h4><div class=\"o-posts-grid-post-description\"><p>Hoje o nosso infant\u00e1rio encheu-se de zumbidos, sorrisos e do\u00e7ura! \ud83c\udf6f\ud83d\udc9bAs educadoras transformaram-se e\u2026<\/p><\/div><\/div><\/div><\/div><div class=\"o-posts-grid-post-blog o-posts-grid-post-plain\"><div class=\"o-posts-grid-post\"><div class=\"o-posts-grid-post-body is-full\"><h4 class=\"o-posts-grid-post-title\"><a href=\"https:\/\/escoladigital.madeira.gov.pt\/infantario-do-livramento\/2025\/05\/06\/24\/\">Serei o que me deres&#8230;que seja amor<\/a><\/h4><div class=\"o-posts-grid-post-description\"><p>No \u00e2mbito do desafio proposto \u00e0s fam\u00edlias, o nosso infant\u00e1rio uniu-se para assinalar a import\u00e2ncia d\u2026<\/p><\/div><\/div><\/div><\/div><\/div> <div class=\"o-posts-grid-pag\"><\/div><\/div>\n\n\n<p><\/p>\n","protected":false},"excerpt":{"rendered":"","protected":false},"author":95,"featured_media":0,"parent":0,"menu_order":0,"comment_status":"closed","ping_status":"closed","template":"","meta":{"site-sidebar-layout":"default","site-content-layout":"","ast-site-content-layout":"default","site-content-style":"default","site-sidebar-style":"default","ast-global-header-display":"","ast-banner-title-visibility":"","ast-main-header-display":"","ast-hfb-above-header-display":"","ast-hfb-below-header-display":"","ast-hfb-mobile-header-display":"","site-post-title":"","ast-breadcrumbs-content":"","ast-featured-img":"","footer-sml-layout":"","ast-disable-related-posts":"","theme-transparent-header-meta":"","adv-header-id-meta":"","stick-header-meta":"","header-above-stick-meta":"","header-main-stick-meta":"","header-below-stick-meta":"","astra-migrate-meta-layouts":"default","ast-page-background-enabled":"default","ast-page-background-meta":{"desktop":{"background-color":"var(--ast-global-color-5)","background-image":"","background-repeat":"repeat","background-position":"center center","background-size":"auto","background-attachment":"scroll","background-type":"","background-media":"","overlay-type":"","overlay-color":"","overlay-opacity":"","overlay-gradient":""},"tablet":{"background-color":"","background-image":"","background-repeat":"repeat","background-position":"center center","background-size":"auto","background-attachment":"scroll","background-type":"","background-media":"","overlay-type":"","overlay-color":"","overlay-opacity":"","overlay-gradient":""},"mobile":{"background-color":"","background-image":"","background-repeat":"repeat","background-position":"center center","background-size":"auto","background-attachment":"scroll","background-type":"","background-media":"","overlay-type":"","overlay-color":"","overlay-opacity":"","overlay-gradient":""}},"ast-content-background-meta":{"desktop":{"background-color":"var(--ast-global-color-4)","background-image":"","background-repeat":"repeat","background-position":"center center","background-size":"auto","background-attachment":"scroll","background-type":"","background-media":"","overlay-type":"","overlay-color":"","overlay-opacity":"","overlay-gradient":""},"tablet":{"background-color":"var(--ast-global-color-4)","background-image":"","background-repeat":"repeat","background-position":"center center","background-size":"auto","background-attachment":"scroll","background-type":"","background-media":"","overlay-type":"","overlay-color":"","overlay-opacity":"","overlay-gradient":""},"mobile":{"background-color":"var(--ast-global-color-4)","background-image":"","background-repeat":"repeat","background-position":"center center","background-size":"auto","background-attachment":"scroll","background-type":"","background-media":"","overlay-type":"","overlay-color":"","overlay-opacity":"","overlay-gradient":""}},"_themeisle_gutenberg_block_has_review":false,"footnotes":""},"class_list":["post-90","page","type-page","status-publish","hentry"],"_links":{"self":[{"href":"https:\/\/escoladigital.madeira.gov.pt\/infantario-do-livramento\/wp-json\/wp\/v2\/pages\/90","targetHints":{"allow":["GET"]}}],"collection":[{"href":"https:\/\/escoladigital.madeira.gov.pt\/infantario-do-livramento\/wp-json\/wp\/v2\/pages"}],"about":[{"href":"https:\/\/escoladigital.madeira.gov.pt\/infantario-do-livramento\/wp-json\/wp\/v2\/types\/page"}],"author":[{"embeddable":true,"href":"https:\/\/escoladigital.madeira.gov.pt\/infantario-do-livramento\/wp-json\/wp\/v2\/users\/95"}],"replies":[{"embeddable":true,"href":"https:\/\/escoladigital.madeira.gov.pt\/infantario-do-livramento\/wp-json\/wp\/v2\/comments?post=90"}],"version-history":[{"count":2,"href":"https:\/\/escoladigital.madeira.gov.pt\/infantario-do-livramento\/wp-json\/wp\/v2\/pages\/90\/revisions"}],"predecessor-version":[{"id":112,"href":"https:\/\/escoladigital.madeira.gov.pt\/infantario-do-livramento\/wp-json\/wp\/v2\/pages\/90\/revisions\/112"}],"wp:attachment":[{"href":"https:\/\/escoladigital.madeira.gov.pt\/infantario-do-livramento\/wp-json\/wp\/v2\/media?parent=90"}],"curies":[{"name":"wp","href":"https:\/\/api.w.org\/{rel}","templated":true}]}}